{"id":10393,"date":"2024-06-11T14:23:55","date_gmt":"2024-06-11T06:23:55","guid":{"rendered":"https:\/\/ipuregreen.org\/vegrun\/?page_id=10393"},"modified":"2024-06-11T14:27:55","modified_gmt":"2024-06-11T06:27:55","slug":"elementor-10393","status":"publish","type":"page","link":"https:\/\/ipuregreen.org\/vegrun\/pt\/elementor-10393\/","title":{"rendered":"Elementor #10393"},"content":{"rendered":"\t\t<div data-elementor-type=\"wp-page\" data-elementor-id=\"10393\" class=\"elementor elementor-10393\">\n\t\t\t\t<div class=\"elementor-element elementor-element-fedf457 e-flex e-con-boxed e-con e-parent\" data-id=\"fedf457\" data-element_type=\"container\">\n\t\t\t\t\t<div class=\"e-con-inner\">\n\t\t\t\t<div class=\"elementor-element elementor-element-70c6719 elementor-widget elementor-widget-heading\" data-id=\"70c6719\" data-element_type=\"widget\" data-widget_type=\"heading.default\">\n\t\t\t\t<div class=\"elementor-widget-container\">\n\t\t\t<style>\/*! elementor - v3.21.0 - 26-05-2024 *\/\n.elementor-heading-title{padding:0;margin:0;line-height:1}.elementor-widget-heading .elementor-heading-title[class*=elementor-size-]>a{color:inherit;font-size:inherit;line-height:inherit}.elementor-widget-heading .elementor-heading-title.elementor-size-small{font-size:15px}.elementor-widget-heading .elementor-heading-title.elementor-size-medium{font-size:19px}.elementor-widget-heading .elementor-heading-title.elementor-size-large{font-size:29px}.elementor-widget-heading .elementor-heading-title.elementor-size-xl{font-size:39px}.elementor-widget-heading .elementor-heading-title.elementor-size-xxl{font-size:59px}<\/style><h2 class=\"elementor-heading-title elementor-size-default\">Informa\u00e7\u00f5es sobre a competi\u00e7\u00e3o asi\u00e1tica de 2024<\/h2>\t\t<\/div>\n\t\t\t\t<\/div>\n\t\t\t\t\t<\/div>\n\t\t\t\t<\/div>\n\t\t<div class=\"elementor-element elementor-element-82fca07 e-flex e-con-boxed e-con e-parent\" data-id=\"82fca07\" data-element_type=\"container\">\n\t\t\t\t\t<div class=\"e-con-inner\">\n\t\t<div class=\"elementor-element elementor-element-04ba577 e-con-full e-flex e-con e-child\" data-id=\"04ba577\" data-element_type=\"container\">\n\t\t\t\t<div class=\"elementor-element elementor-element-6e6583d elementor-widget elementor-widget-image\" data-id=\"6e6583d\" data-element_type=\"widget\" data-widget_type=\"image.default\">\n\t\t\t\t<div class=\"elementor-widget-container\">\n\t\t\t<style>\/*! elementor - v3.21.0 - 26-05-2024 *\/\n.elementor-widget-image{text-align:center}.elementor-widget-image a{display:inline-block}.elementor-widget-image a img[src$=\".svg\"]{width:48px}.elementor-widget-image img{vertical-align:middle;display:inline-block}<\/style>\t\t\t\t\t\t\t\t\t\t<img fetchpriority=\"high\" decoding=\"async\" width=\"1024\" height=\"562\" src=\"https:\/\/ipuregreen.org\/vegrun\/wp-content\/uploads\/2024\/06\/2024\u516c\u76ca\u8def\u8dd1\u6d77\u5831-\u570b\u969b\u4f5b\u5149\u6703\u540d\u53e4\u5c4b\u5354\u6703-1024x562.jpg\" class=\"attachment-large size-large wp-image-10257\" alt=\"\" srcset=\"https:\/\/ipuregreen.org\/vegrun\/wp-content\/uploads\/2024\/06\/2024\u516c\u76ca\u8def\u8dd1\u6d77\u5831-\u570b\u969b\u4f5b\u5149\u6703\u540d\u53e4\u5c4b\u5354\u6703-1024x562.jpg 1024w, https:\/\/ipuregreen.org\/vegrun\/wp-content\/uploads\/2024\/06\/2024\u516c\u76ca\u8def\u8dd1\u6d77\u5831-\u570b\u969b\u4f5b\u5149\u6703\u540d\u53e4\u5c4b\u5354\u6703-300x165.jpg 300w, https:\/\/ipuregreen.org\/vegrun\/wp-content\/uploads\/2024\/06\/2024\u516c\u76ca\u8def\u8dd1\u6d77\u5831-\u570b\u969b\u4f5b\u5149\u6703\u540d\u53e4\u5c4b\u5354\u6703-768x421.jpg 768w, https:\/\/ipuregreen.org\/vegrun\/wp-content\/uploads\/2024\/06\/2024\u516c\u76ca\u8def\u8dd1\u6d77\u5831-\u570b\u969b\u4f5b\u5149\u6703\u540d\u53e4\u5c4b\u5354\u6703-1536x842.jpg 1536w, https:\/\/ipuregreen.org\/vegrun\/wp-content\/uploads\/2024\/06\/2024\u516c\u76ca\u8def\u8dd1\u6d77\u5831-\u570b\u969b\u4f5b\u5149\u6703\u540d\u53e4\u5c4b\u5354\u6703-2048x1123.jpg 2048w, https:\/\/ipuregreen.org\/vegrun\/wp-content\/uploads\/2024\/06\/2024\u516c\u76ca\u8def\u8dd1\u6d77\u5831-\u570b\u969b\u4f5b\u5149\u6703\u540d\u53e4\u5c4b\u5354\u6703-600x329.jpg 600w\" sizes=\"(max-width: 1024px) 100vw, 1024px\" \/>\t\t\t\t\t\t\t\t\t\t\t\t\t<\/div>\n\t\t\t\t<\/div>\n\t\t\t\t<\/div>\n\t\t<div class=\"elementor-element elementor-element-ae8f218 e-con-full e-flex e-con e-child\" data-id=\"ae8f218\" data-element_type=\"container\">\n\t\t\t\t<div class=\"elementor-element elementor-element-cdc3d01 elementor-widget elementor-widget-text-editor\" data-id=\"cdc3d01\" data-element_type=\"widget\" data-widget_type=\"text-editor.default\">\n\t\t\t\t<div class=\"elementor-widget-container\">\n\t\t\t<style>\/*! elementor - v3.21.0 - 26-05-2024 *\/\n.elementor-widget-text-editor.elementor-drop-cap-view-stacked .elementor-drop-cap{background-color:#69727d;color:#fff}.elementor-widget-text-editor.elementor-drop-cap-view-framed .elementor-drop-cap{color:#69727d;border:3px solid;background-color:transparent}.elementor-widget-text-editor:not(.elementor-drop-cap-view-default) .elementor-drop-cap{margin-top:8px}.elementor-widget-text-editor:not(.elementor-drop-cap-view-default) .elementor-drop-cap-letter{width:1em;height:1em}.elementor-widget-text-editor .elementor-drop-cap{float:left;text-align:center;line-height:1;font-size:50px}.elementor-widget-text-editor .elementor-drop-cap-letter{display:inline-block}<\/style>\t\t\t\t<p>Nome do evento: 2024 Nagoya VEGRUN Voc\u00ea corre, eu doo comida<br \/>Hor\u00e1rio do evento: 11\/05\/2024\u201431\/08\/2024<br \/>Regi\u00e3o: Jap\u00e3o<\/p><p>Em resposta ao conceito de &#8220;prote\u00e7\u00e3o ambiental e prote\u00e7\u00e3o do cora\u00e7\u00e3o&#8221; do Mestre Hsing Yun e \u00e0 a\u00e7\u00e3o de prote\u00e7\u00e3o ambiental do Dia Mundial do Meio Ambiente das Na\u00e7\u00f5es Unidas em 5 de junho, o evento VEGRUN \u00e9 especialmente organizado para convidar pessoas que amam esportes atrav\u00e9s do &#8220;Voc\u00ea corre, eu doe alimentos &#8220;projeto de caridade Amigos, usem o poder das massas para prestar aten\u00e7\u00e3o \u00e0s mudan\u00e7as clim\u00e1ticas e \u00e0s quest\u00f5es de prote\u00e7\u00e3o ambiental. Al\u00e9m de esportes e entretenimento, tamb\u00e9m podemos &#8220;vegetar o amor, deixar o amor fluir&#8221; juntos e continuar a apoiar cada um outro ininterrupto!<\/p>\t\t\t\t\t\t<\/div>\n\t\t\t\t<\/div>\n\t\t\t\t<div class=\"elementor-element elementor-element-bd6929b elementor-widget elementor-widget-button\" data-id=\"bd6929b\" data-element_type=\"widget\" data-widget_type=\"button.default\">\n\t\t\t\t<div class=\"elementor-widget-container\">\n\t\t\t\t\t<div class=\"elementor-button-wrapper\">\n\t\t\t<a class=\"elementor-button elementor-button-link elementor-size-sm\" href=\"https:\/\/ipuregreen.org\/vegrun\/?page_id=6536\">\n\t\t\t\t\t\t<span class=\"elementor-button-content-wrapper\">\n\t\t\t\t\t\t\t\t\t<span class=\"elementor-button-text\">Baixe o aplicativo VEGRUN<\/span>\n\t\t\t\t\t<\/span>\n\t\t\t\t\t<\/a>\n\t\t<\/div>\n\t\t\t\t<\/div>\n\t\t\t\t<\/div>\n\t\t\t\t<\/div>\n\t\t\t\t\t<\/div>\n\t\t\t\t<\/div>\n\t\t<div class=\"elementor-element elementor-element-e3d6408 e-flex e-con-boxed e-con e-parent\" data-id=\"e3d6408\" data-element_type=\"container\">\n\t\t\t\t\t<div class=\"e-con-inner\">\n\t\t<div class=\"elementor-element elementor-element-0882788 e-con-full e-flex e-con e-child\" data-id=\"0882788\" data-element_type=\"container\">\n\t\t\t\t<div class=\"elementor-element elementor-element-5eb7136 elementor-widget elementor-widget-image\" data-id=\"5eb7136\" data-element_type=\"widget\" data-widget_type=\"image.default\">\n\t\t\t\t<div class=\"elementor-widget-container\">\n\t\t\t\t\t\t\t\t\t\t\t\t\t<img decoding=\"async\" width=\"1024\" height=\"561\" src=\"https:\/\/ipuregreen.org\/vegrun\/wp-content\/uploads\/2024\/06\/\u70ba\u5e78\u798f\u800c\u8d70-1024x561.jpg\" class=\"attachment-large size-large wp-image-10240\" alt=\"\" srcset=\"https:\/\/ipuregreen.org\/vegrun\/wp-content\/uploads\/2024\/06\/\u70ba\u5e78\u798f\u800c\u8d70-1024x561.jpg 1024w, https:\/\/ipuregreen.org\/vegrun\/wp-content\/uploads\/2024\/06\/\u70ba\u5e78\u798f\u800c\u8d70-300x164.jpg 300w, https:\/\/ipuregreen.org\/vegrun\/wp-content\/uploads\/2024\/06\/\u70ba\u5e78\u798f\u800c\u8d70-768x421.jpg 768w, https:\/\/ipuregreen.org\/vegrun\/wp-content\/uploads\/2024\/06\/\u70ba\u5e78\u798f\u800c\u8d70-1536x842.jpg 1536w, https:\/\/ipuregreen.org\/vegrun\/wp-content\/uploads\/2024\/06\/\u70ba\u5e78\u798f\u800c\u8d70-600x329.jpg 600w, https:\/\/ipuregreen.org\/vegrun\/wp-content\/uploads\/2024\/06\/\u70ba\u5e78\u798f\u800c\u8d70.jpg 1948w\" sizes=\"(max-width: 1024px) 100vw, 1024px\" \/>\t\t\t\t\t\t\t\t\t\t\t\t\t<\/div>\n\t\t\t\t<\/div>\n\t\t\t\t<\/div>\n\t\t<div class=\"elementor-element elementor-element-6142e66 e-con-full e-flex e-con e-child\" data-id=\"6142e66\" data-element_type=\"container\">\n\t\t\t\t<div class=\"elementor-element elementor-element-ff11b78 elementor-widget elementor-widget-text-editor\" data-id=\"ff11b78\" data-element_type=\"widget\" data-widget_type=\"text-editor.default\">\n\t\t\t\t<div class=\"elementor-widget-container\">\n\t\t\t\t\t\t\t<p>Nome do evento: Caminhada VEGRUN pela Felicidade 2024<br \/>Hor\u00e1rio do evento: 30\/06\/2024<br \/>Regi\u00e3o: Taiwan<br \/>Local do evento: Estacionamento do Museu Nacional de Ci\u00eancia e Tecnologia Marinha<\/p><p>Cerca de 1.600 pessoas de Fo Guang e parentes e amigos da Associa\u00e7\u00e3o do Distrito Norte mudaram-se para o Parque Keelung Chaojing, um ap\u00f3s o outro, para participar do evento &#8220;Vegrun ~ Caminhada pela Felicidade&#8221; organizado pela Associa\u00e7\u00e3o do Distrito Norte. Eles passaram pela Ponte Pinglang at\u00e9 o Parque Chaojing e. est\u00e1vamos perto das montanhas verdes e do mar azul. Na pastagem, flexionamos nossos m\u00fasculos e cantamos junto com o grupo de jovens. Algumas pessoas de Foguang limparam a praia para caridade. para o Museu de Ci\u00eancias Marinhas. \u00c0s 9h00, completaram a atividade &#8220;Vegrun~For Happiness&#8221; e caminhada.<\/p>\t\t\t\t\t\t<\/div>\n\t\t\t\t<\/div>\n\t\t\t\t<div class=\"elementor-element elementor-element-453e2db elementor-widget elementor-widget-button\" data-id=\"453e2db\" data-element_type=\"widget\" data-widget_type=\"button.default\">\n\t\t\t\t<div class=\"elementor-widget-container\">\n\t\t\t\t\t<div class=\"elementor-button-wrapper\">\n\t\t\t<a class=\"elementor-button elementor-button-link elementor-size-sm\" href=\"https:\/\/ipuregreen.org\/vegrun\/?page_id=6536\">\n\t\t\t\t\t\t<span class=\"elementor-button-content-wrapper\">\n\t\t\t\t\t\t\t\t\t<span class=\"elementor-button-text\">Baixe o aplicativo VEGRUN<\/span>\n\t\t\t\t\t<\/span>\n\t\t\t\t\t<\/a>\n\t\t<\/div>\n\t\t\t\t<\/div>\n\t\t\t\t<\/div>\n\t\t\t\t<\/div>\n\t\t\t\t\t<\/div>\n\t\t\t\t<\/div>\n\t\t<div class=\"elementor-element elementor-element-5ffdb42 e-flex e-con-boxed e-con e-parent\" data-id=\"5ffdb42\" data-element_type=\"container\">\n\t\t\t\t\t<div class=\"e-con-inner\">\n\t\t<div class=\"elementor-element elementor-element-cd3c8e1 e-con-full e-flex e-con e-child\" data-id=\"cd3c8e1\" data-element_type=\"container\">\n\t\t\t\t<div class=\"elementor-element elementor-element-a406b93 elementor-widget elementor-widget-image\" data-id=\"a406b93\" data-element_type=\"widget\" data-widget_type=\"image.default\">\n\t\t\t\t<div class=\"elementor-widget-container\">\n\t\t\t\t\t\t\t\t\t\t\t\t\t<img decoding=\"async\" width=\"1024\" height=\"416\" src=\"https:\/\/ipuregreen.org\/vegrun\/wp-content\/uploads\/2024\/04\/\u622a\u5716-2024-04-30-\u4e0b\u53484.40.31-1024x416.png\" class=\"attachment-large size-large wp-image-10191\" alt=\"\" srcset=\"https:\/\/ipuregreen.org\/vegrun\/wp-content\/uploads\/2024\/04\/\u622a\u5716-2024-04-30-\u4e0b\u53484.40.31-1024x416.png 1024w, https:\/\/ipuregreen.org\/vegrun\/wp-content\/uploads\/2024\/04\/\u622a\u5716-2024-04-30-\u4e0b\u53484.40.31-300x122.png 300w, https:\/\/ipuregreen.org\/vegrun\/wp-content\/uploads\/2024\/04\/\u622a\u5716-2024-04-30-\u4e0b\u53484.40.31-768x312.png 768w, https:\/\/ipuregreen.org\/vegrun\/wp-content\/uploads\/2024\/04\/\u622a\u5716-2024-04-30-\u4e0b\u53484.40.31-1536x623.png 1536w, https:\/\/ipuregreen.org\/vegrun\/wp-content\/uploads\/2024\/04\/\u622a\u5716-2024-04-30-\u4e0b\u53484.40.31-2048x831.png 2048w, https:\/\/ipuregreen.org\/vegrun\/wp-content\/uploads\/2024\/04\/\u622a\u5716-2024-04-30-\u4e0b\u53484.40.31-600x244.png 600w\" sizes=\"(max-width: 1024px) 100vw, 1024px\" \/>\t\t\t\t\t\t\t\t\t\t\t\t\t<\/div>\n\t\t\t\t<\/div>\n\t\t\t\t<\/div>\n\t\t<div class=\"elementor-element elementor-element-32300d4 e-con-full e-flex e-con e-child\" data-id=\"32300d4\" data-element_type=\"container\">\n\t\t\t\t<div class=\"elementor-element elementor-element-cb8b9cb elementor-widget elementor-widget-text-editor\" data-id=\"cb8b9cb\" data-element_type=\"widget\" data-widget_type=\"text-editor.default\">\n\t\t\t\t<div class=\"elementor-widget-container\">\n\t\t\t\t\t\t\t<p>Hor\u00e1rio do evento: 02\/06\/2024<br \/>Regi\u00e3o: Mal\u00e1sia<\/p><p>A Associa\u00e7\u00e3o Internacional da Luz de Buda da Mal\u00e1sia (Sul da Mal\u00e1sia) realizar\u00e1 a VEGRUN Global Vegetarian Charity Run em 2 de junho de 2024. As provas incluem grupo de lazer (4km), grupo ativo (6km) e grupo de desafio (11km). No dia do evento, haver\u00e1 tamb\u00e9m um rod\u00edzio vegetariano, onde voc\u00ea poder\u00e1 saborear diversas iguarias vegetarianas.<\/p>\t\t\t\t\t\t<\/div>\n\t\t\t\t<\/div>\n\t\t\t\t<div class=\"elementor-element elementor-element-249591c elementor-widget elementor-widget-button\" data-id=\"249591c\" data-element_type=\"widget\" data-widget_type=\"button.default\">\n\t\t\t\t<div class=\"elementor-widget-container\">\n\t\t\t\t\t<div class=\"elementor-button-wrapper\">\n\t\t\t<a class=\"elementor-button elementor-size-sm\" role=\"button\">\n\t\t\t\t\t\t<span class=\"elementor-button-content-wrapper\">\n\t\t\t\t\t\t\t\t\t<span class=\"elementor-button-text\">Atividade Termina<\/span>\n\t\t\t\t\t<\/span>\n\t\t\t\t\t<\/a>\n\t\t<\/div>\n\t\t\t\t<\/div>\n\t\t\t\t<\/div>\n\t\t\t\t<\/div>\n\t\t\t\t\t<\/div>\n\t\t\t\t<\/div>\n\t\t\t\t<\/div>\n\t\t","protected":false},"excerpt":{"rendered":"<p>Informa\u00e7\u00f5es sobre a competi\u00e7\u00e3o asi\u00e1tica de 2024 Nome do [&hellip;]<\/p>\n","protected":false},"author":1,"featured_media":0,"parent":0,"menu_order":0,"comment_status":"closed","ping_status":"closed","template":"","meta":{"_regular_price":[],"currency_symbol":[],"footnotes":""},"post_slider_layout_featured_media_urls":{"thumbnail":"","post_slider_layout_landscape_large":"","post_slider_layout_portrait_large":"","post_slider_layout_square_large":"","post_slider_layout_landscape":"","post_slider_layout_portrait":"","post_slider_layout_square":"","full":""},"_links":{"self":[{"href":"https:\/\/ipuregreen.org\/vegrun\/wp-json\/wp\/v2\/pages\/10393"}],"collection":[{"href":"https:\/\/ipuregreen.org\/vegrun\/wp-json\/wp\/v2\/pages"}],"about":[{"href":"https:\/\/ipuregreen.org\/vegrun\/wp-json\/wp\/v2\/types\/page"}],"author":[{"embeddable":true,"href":"https:\/\/ipuregreen.org\/vegrun\/wp-json\/wp\/v2\/users\/1"}],"replies":[{"embeddable":true,"href":"https:\/\/ipuregreen.org\/vegrun\/wp-json\/wp\/v2\/comments?post=10393"}],"version-history":[{"count":4,"href":"https:\/\/ipuregreen.org\/vegrun\/wp-json\/wp\/v2\/pages\/10393\/revisions"}],"predecessor-version":[{"id":10397,"href":"https:\/\/ipuregreen.org\/vegrun\/wp-json\/wp\/v2\/pages\/10393\/revisions\/10397"}],"wp:attachment":[{"href":"https:\/\/ipuregreen.org\/vegrun\/wp-json\/wp\/v2\/media?parent=10393"}],"curies":[{"name":"wp","href":"https:\/\/api.w.org\/{rel}","templated":true}]}}