{"id":10409,"date":"2024-06-11T14:47:53","date_gmt":"2024-06-11T06:47:53","guid":{"rendered":"https:\/\/ipuregreen.org\/vegrun\/?page_id=10409"},"modified":"2024-06-11T14:53:11","modified_gmt":"2024-06-11T06:53:11","slug":"elementor-10409","status":"publish","type":"page","link":"https:\/\/ipuregreen.org\/vegrun\/es\/elementor-10409\/","title":{"rendered":"Elementor #10409"},"content":{"rendered":"\t\t<div data-elementor-type=\"wp-page\" data-elementor-id=\"10409\" class=\"elementor elementor-10409\">\n\t\t\t\t<div class=\"elementor-element elementor-element-fedf457 e-flex e-con-boxed e-con e-parent\" data-id=\"fedf457\" data-element_type=\"container\">\n\t\t\t\t\t<div class=\"e-con-inner\">\n\t\t\t\t<div class=\"elementor-element elementor-element-70c6719 elementor-widget elementor-widget-heading\" data-id=\"70c6719\" data-element_type=\"widget\" data-widget_type=\"heading.default\">\n\t\t\t\t<div class=\"elementor-widget-container\">\n\t\t\t<style>\/*! elementor - v3.21.0 - 26-05-2024 *\/\n.elementor-heading-title{padding:0;margin:0;line-height:1}.elementor-widget-heading .elementor-heading-title[class*=elementor-size-]>a{color:inherit;font-size:inherit;line-height:inherit}.elementor-widget-heading .elementor-heading-title.elementor-size-small{font-size:15px}.elementor-widget-heading .elementor-heading-title.elementor-size-medium{font-size:19px}.elementor-widget-heading .elementor-heading-title.elementor-size-large{font-size:29px}.elementor-widget-heading .elementor-heading-title.elementor-size-xl{font-size:39px}.elementor-widget-heading .elementor-heading-title.elementor-size-xxl{font-size:59px}<\/style><h2 class=\"elementor-heading-title elementor-size-default\">Informaci\u00f3n de la competencia asi\u00e1tica 2024<\/h2>\t\t<\/div>\n\t\t\t\t<\/div>\n\t\t\t\t\t<\/div>\n\t\t\t\t<\/div>\n\t\t<div class=\"elementor-element elementor-element-82fca07 e-flex e-con-boxed e-con e-parent\" data-id=\"82fca07\" data-element_type=\"container\">\n\t\t\t\t\t<div class=\"e-con-inner\">\n\t\t<div class=\"elementor-element elementor-element-04ba577 e-con-full e-flex e-con e-child\" data-id=\"04ba577\" data-element_type=\"container\">\n\t\t\t\t<div class=\"elementor-element elementor-element-6e6583d elementor-widget elementor-widget-image\" data-id=\"6e6583d\" data-element_type=\"widget\" data-widget_type=\"image.default\">\n\t\t\t\t<div class=\"elementor-widget-container\">\n\t\t\t<style>\/*! elementor - v3.21.0 - 26-05-2024 *\/\n.elementor-widget-image{text-align:center}.elementor-widget-image a{display:inline-block}.elementor-widget-image a img[src$=\".svg\"]{width:48px}.elementor-widget-image img{vertical-align:middle;display:inline-block}<\/style>\t\t\t\t\t\t\t\t\t\t<img fetchpriority=\"high\" decoding=\"async\" width=\"1024\" height=\"562\" src=\"https:\/\/ipuregreen.org\/vegrun\/wp-content\/uploads\/2024\/06\/2024\u516c\u76ca\u8def\u8dd1\u6d77\u5831-\u570b\u969b\u4f5b\u5149\u6703\u540d\u53e4\u5c4b\u5354\u6703-1024x562.jpg\" class=\"attachment-large size-large wp-image-10257\" alt=\"\" srcset=\"https:\/\/ipuregreen.org\/vegrun\/wp-content\/uploads\/2024\/06\/2024\u516c\u76ca\u8def\u8dd1\u6d77\u5831-\u570b\u969b\u4f5b\u5149\u6703\u540d\u53e4\u5c4b\u5354\u6703-1024x562.jpg 1024w, https:\/\/ipuregreen.org\/vegrun\/wp-content\/uploads\/2024\/06\/2024\u516c\u76ca\u8def\u8dd1\u6d77\u5831-\u570b\u969b\u4f5b\u5149\u6703\u540d\u53e4\u5c4b\u5354\u6703-300x165.jpg 300w, https:\/\/ipuregreen.org\/vegrun\/wp-content\/uploads\/2024\/06\/2024\u516c\u76ca\u8def\u8dd1\u6d77\u5831-\u570b\u969b\u4f5b\u5149\u6703\u540d\u53e4\u5c4b\u5354\u6703-768x421.jpg 768w, https:\/\/ipuregreen.org\/vegrun\/wp-content\/uploads\/2024\/06\/2024\u516c\u76ca\u8def\u8dd1\u6d77\u5831-\u570b\u969b\u4f5b\u5149\u6703\u540d\u53e4\u5c4b\u5354\u6703-1536x842.jpg 1536w, https:\/\/ipuregreen.org\/vegrun\/wp-content\/uploads\/2024\/06\/2024\u516c\u76ca\u8def\u8dd1\u6d77\u5831-\u570b\u969b\u4f5b\u5149\u6703\u540d\u53e4\u5c4b\u5354\u6703-2048x1123.jpg 2048w, https:\/\/ipuregreen.org\/vegrun\/wp-content\/uploads\/2024\/06\/2024\u516c\u76ca\u8def\u8dd1\u6d77\u5831-\u570b\u969b\u4f5b\u5149\u6703\u540d\u53e4\u5c4b\u5354\u6703-600x329.jpg 600w\" sizes=\"(max-width: 1024px) 100vw, 1024px\" \/>\t\t\t\t\t\t\t\t\t\t\t\t\t<\/div>\n\t\t\t\t<\/div>\n\t\t\t\t<\/div>\n\t\t<div class=\"elementor-element elementor-element-ae8f218 e-con-full e-flex e-con e-child\" data-id=\"ae8f218\" data-element_type=\"container\">\n\t\t\t\t<div class=\"elementor-element elementor-element-cdc3d01 elementor-widget elementor-widget-text-editor\" data-id=\"cdc3d01\" data-element_type=\"widget\" data-widget_type=\"text-editor.default\">\n\t\t\t\t<div class=\"elementor-widget-container\">\n\t\t\t<style>\/*! elementor - v3.21.0 - 26-05-2024 *\/\n.elementor-widget-text-editor.elementor-drop-cap-view-stacked .elementor-drop-cap{background-color:#69727d;color:#fff}.elementor-widget-text-editor.elementor-drop-cap-view-framed .elementor-drop-cap{color:#69727d;border:3px solid;background-color:transparent}.elementor-widget-text-editor:not(.elementor-drop-cap-view-default) .elementor-drop-cap{margin-top:8px}.elementor-widget-text-editor:not(.elementor-drop-cap-view-default) .elementor-drop-cap-letter{width:1em;height:1em}.elementor-widget-text-editor .elementor-drop-cap{float:left;text-align:center;line-height:1;font-size:50px}.elementor-widget-text-editor .elementor-drop-cap-letter{display:inline-block}<\/style>\t\t\t\t<p>Nombre del evento: 2024 Nagoya VEGRUN T\u00fa corres, yo dono comida<br \/>Hora del evento: 11\/05\/2024\u201431\/08\/2024<br \/>Regi\u00f3n: Jap\u00f3n<\/p><p>En respuesta al concepto del Maestro Hsing Yun de &#8220;protecci\u00f3n del medio ambiente y protecci\u00f3n del coraz\u00f3n&#8221; y la acci\u00f3n de protecci\u00f3n del medio ambiente del D\u00eda Mundial del Medio Ambiente de las Naciones Unidas el 5 de junio, el evento VEGRUN est\u00e1 especialmente organizado para invitar a las personas amantes del deporte a trav\u00e9s del programa &#8220;T\u00fa corres, yo Proyecto ben\u00e9fico &#8220;Donar alimentos&#8221; Amigos, utilicen el poder de las masas para prestar atenci\u00f3n al cambio clim\u00e1tico y las cuestiones de protecci\u00f3n del medio ambiente. Adem\u00e1s de los deportes y el entretenimiento, tambi\u00e9n podemos &#8220;vegetar el amor, dejar que el amor fluya&#8221; juntos y continuar apoy\u00e1ndonos mutuamente. otros ininterrumpidos!<\/p>\t\t\t\t\t\t<\/div>\n\t\t\t\t<\/div>\n\t\t\t\t<div class=\"elementor-element elementor-element-bd6929b elementor-widget elementor-widget-button\" data-id=\"bd6929b\" data-element_type=\"widget\" data-widget_type=\"button.default\">\n\t\t\t\t<div class=\"elementor-widget-container\">\n\t\t\t\t\t<div class=\"elementor-button-wrapper\">\n\t\t\t<a class=\"elementor-button elementor-button-link elementor-size-sm\" href=\"https:\/\/ipuregreen.org\/vegrun\/?page_id=6536\">\n\t\t\t\t\t\t<span class=\"elementor-button-content-wrapper\">\n\t\t\t\t\t\t\t\t\t<span class=\"elementor-button-text\">Descarga la aplicaci\u00f3n VEGRUN<\/span>\n\t\t\t\t\t<\/span>\n\t\t\t\t\t<\/a>\n\t\t<\/div>\n\t\t\t\t<\/div>\n\t\t\t\t<\/div>\n\t\t\t\t<\/div>\n\t\t\t\t\t<\/div>\n\t\t\t\t<\/div>\n\t\t<div class=\"elementor-element elementor-element-e3d6408 e-flex e-con-boxed e-con e-parent\" data-id=\"e3d6408\" data-element_type=\"container\">\n\t\t\t\t\t<div class=\"e-con-inner\">\n\t\t<div class=\"elementor-element elementor-element-0882788 e-con-full e-flex e-con e-child\" data-id=\"0882788\" data-element_type=\"container\">\n\t\t\t\t<div class=\"elementor-element elementor-element-5eb7136 elementor-widget elementor-widget-image\" data-id=\"5eb7136\" data-element_type=\"widget\" data-widget_type=\"image.default\">\n\t\t\t\t<div class=\"elementor-widget-container\">\n\t\t\t\t\t\t\t\t\t\t\t\t\t<img decoding=\"async\" width=\"1024\" height=\"561\" src=\"https:\/\/ipuregreen.org\/vegrun\/wp-content\/uploads\/2024\/06\/\u70ba\u5e78\u798f\u800c\u8d70-1024x561.jpg\" class=\"attachment-large size-large wp-image-10240\" alt=\"\" srcset=\"https:\/\/ipuregreen.org\/vegrun\/wp-content\/uploads\/2024\/06\/\u70ba\u5e78\u798f\u800c\u8d70-1024x561.jpg 1024w, https:\/\/ipuregreen.org\/vegrun\/wp-content\/uploads\/2024\/06\/\u70ba\u5e78\u798f\u800c\u8d70-300x164.jpg 300w, https:\/\/ipuregreen.org\/vegrun\/wp-content\/uploads\/2024\/06\/\u70ba\u5e78\u798f\u800c\u8d70-768x421.jpg 768w, https:\/\/ipuregreen.org\/vegrun\/wp-content\/uploads\/2024\/06\/\u70ba\u5e78\u798f\u800c\u8d70-1536x842.jpg 1536w, https:\/\/ipuregreen.org\/vegrun\/wp-content\/uploads\/2024\/06\/\u70ba\u5e78\u798f\u800c\u8d70-600x329.jpg 600w, https:\/\/ipuregreen.org\/vegrun\/wp-content\/uploads\/2024\/06\/\u70ba\u5e78\u798f\u800c\u8d70.jpg 1948w\" sizes=\"(max-width: 1024px) 100vw, 1024px\" \/>\t\t\t\t\t\t\t\t\t\t\t\t\t<\/div>\n\t\t\t\t<\/div>\n\t\t\t\t<\/div>\n\t\t<div class=\"elementor-element elementor-element-6142e66 e-con-full e-flex e-con e-child\" data-id=\"6142e66\" data-element_type=\"container\">\n\t\t\t\t<div class=\"elementor-element elementor-element-ff11b78 elementor-widget elementor-widget-text-editor\" data-id=\"ff11b78\" data-element_type=\"widget\" data-widget_type=\"text-editor.default\">\n\t\t\t\t<div class=\"elementor-widget-container\">\n\t\t\t\t\t\t\t<p>Nombre del evento: 2024 VEGRUN Caminata por la Felicidad<br \/>Hora del evento: 30\/6\/2024<br \/>Regi\u00f3n: Taiw\u00e1n<br \/>Lugar del evento: Estacionamiento del Museo Nacional de Ciencia y Tecnolog\u00eda Marinas<\/p><p>Alrededor de 1.600 personas de Fo Guang y familiares y amigos de la Asociaci\u00f3n del Distrito Norte se trasladaron uno tras otro al Parque Keelung Chaojing para participar en el evento &#8220;Vegrun~Walk for Happiness&#8221; organizado por la Asociaci\u00f3n del Distrito Norte. Pasaron el puente Pinglang hasta el Parque Chaojing y. Est\u00e1bamos cerca de las monta\u00f1as verdes y el mar azul. En la pradera, flexionamos nuestros m\u00fasculos y cantamos junto con el grupo de j\u00f3venes. Todos estaban llenos de emoci\u00f3n y alegr\u00eda. Algunas personas de Foguang limpiaron la playa para la caridad. al Museo de Ciencias del Mar. A las 9:00 horas completaron la actividad &#8220;Vegrun~For Happiness and walk&#8221;.<\/p>\t\t\t\t\t\t<\/div>\n\t\t\t\t<\/div>\n\t\t\t\t<div class=\"elementor-element elementor-element-453e2db elementor-widget elementor-widget-button\" data-id=\"453e2db\" data-element_type=\"widget\" data-widget_type=\"button.default\">\n\t\t\t\t<div class=\"elementor-widget-container\">\n\t\t\t\t\t<div class=\"elementor-button-wrapper\">\n\t\t\t<a class=\"elementor-button elementor-button-link elementor-size-sm\" href=\"https:\/\/ipuregreen.org\/vegrun\/?page_id=6536\">\n\t\t\t\t\t\t<span class=\"elementor-button-content-wrapper\">\n\t\t\t\t\t\t\t\t\t<span class=\"elementor-button-text\">Descarga la aplicaci\u00f3n VEGRUN<\/span>\n\t\t\t\t\t<\/span>\n\t\t\t\t\t<\/a>\n\t\t<\/div>\n\t\t\t\t<\/div>\n\t\t\t\t<\/div>\n\t\t\t\t<\/div>\n\t\t\t\t\t<\/div>\n\t\t\t\t<\/div>\n\t\t<div class=\"elementor-element elementor-element-5ffdb42 e-flex e-con-boxed e-con e-parent\" data-id=\"5ffdb42\" data-element_type=\"container\">\n\t\t\t\t\t<div class=\"e-con-inner\">\n\t\t<div class=\"elementor-element elementor-element-cd3c8e1 e-con-full e-flex e-con e-child\" data-id=\"cd3c8e1\" data-element_type=\"container\">\n\t\t\t\t<div class=\"elementor-element elementor-element-a406b93 elementor-widget elementor-widget-image\" data-id=\"a406b93\" data-element_type=\"widget\" data-widget_type=\"image.default\">\n\t\t\t\t<div class=\"elementor-widget-container\">\n\t\t\t\t\t\t\t\t\t\t\t\t\t<img decoding=\"async\" width=\"1024\" height=\"416\" src=\"https:\/\/ipuregreen.org\/vegrun\/wp-content\/uploads\/2024\/04\/\u622a\u5716-2024-04-30-\u4e0b\u53484.40.31-1024x416.png\" class=\"attachment-large size-large wp-image-10191\" alt=\"\" srcset=\"https:\/\/ipuregreen.org\/vegrun\/wp-content\/uploads\/2024\/04\/\u622a\u5716-2024-04-30-\u4e0b\u53484.40.31-1024x416.png 1024w, https:\/\/ipuregreen.org\/vegrun\/wp-content\/uploads\/2024\/04\/\u622a\u5716-2024-04-30-\u4e0b\u53484.40.31-300x122.png 300w, https:\/\/ipuregreen.org\/vegrun\/wp-content\/uploads\/2024\/04\/\u622a\u5716-2024-04-30-\u4e0b\u53484.40.31-768x312.png 768w, https:\/\/ipuregreen.org\/vegrun\/wp-content\/uploads\/2024\/04\/\u622a\u5716-2024-04-30-\u4e0b\u53484.40.31-1536x623.png 1536w, https:\/\/ipuregreen.org\/vegrun\/wp-content\/uploads\/2024\/04\/\u622a\u5716-2024-04-30-\u4e0b\u53484.40.31-2048x831.png 2048w, https:\/\/ipuregreen.org\/vegrun\/wp-content\/uploads\/2024\/04\/\u622a\u5716-2024-04-30-\u4e0b\u53484.40.31-600x244.png 600w\" sizes=\"(max-width: 1024px) 100vw, 1024px\" \/>\t\t\t\t\t\t\t\t\t\t\t\t\t<\/div>\n\t\t\t\t<\/div>\n\t\t\t\t<\/div>\n\t\t<div class=\"elementor-element elementor-element-32300d4 e-con-full e-flex e-con e-child\" data-id=\"32300d4\" data-element_type=\"container\">\n\t\t\t\t<div class=\"elementor-element elementor-element-cb8b9cb elementor-widget elementor-widget-text-editor\" data-id=\"cb8b9cb\" data-element_type=\"widget\" data-widget_type=\"text-editor.default\">\n\t\t\t\t<div class=\"elementor-widget-container\">\n\t\t\t\t\t\t\t<p>Hora del evento: 2024\/6\/2<br \/>Regi\u00f3n: Malasia<\/p><p>La Asociaci\u00f3n Internacional Luz de Buda de Malasia (sur de Malasia) celebrar\u00e1 la Carrera ben\u00e9fica vegetariana global VEGRUN el 2 de junio de 2024. Las pruebas incluyen grupo de ocio (4 km), grupo activo (6 km) y grupo desaf\u00edo (11 km). El d\u00eda del evento, tambi\u00e9n habr\u00e1 un buffet vegetariano libre, donde podr\u00e1s degustar una variedad de delicias vegetarianas diferentes.<\/p>\t\t\t\t\t\t<\/div>\n\t\t\t\t<\/div>\n\t\t\t\t<div class=\"elementor-element elementor-element-249591c elementor-widget elementor-widget-button\" data-id=\"249591c\" data-element_type=\"widget\" data-widget_type=\"button.default\">\n\t\t\t\t<div class=\"elementor-widget-container\">\n\t\t\t\t\t<div class=\"elementor-button-wrapper\">\n\t\t\t<a class=\"elementor-button elementor-size-sm\" role=\"button\">\n\t\t\t\t\t\t<span class=\"elementor-button-content-wrapper\">\n\t\t\t\t\t\t\t\t\t<span class=\"elementor-button-text\">Termina La Actividad<\/span>\n\t\t\t\t\t<\/span>\n\t\t\t\t\t<\/a>\n\t\t<\/div>\n\t\t\t\t<\/div>\n\t\t\t\t<\/div>\n\t\t\t\t<\/div>\n\t\t\t\t\t<\/div>\n\t\t\t\t<\/div>\n\t\t\t\t<\/div>\n\t\t","protected":false},"excerpt":{"rendered":"<p>Informaci\u00f3n de la competencia asi\u00e1tica 2024 Nombre del  [&hellip;]<\/p>\n","protected":false},"author":1,"featured_media":0,"parent":0,"menu_order":0,"comment_status":"closed","ping_status":"closed","template":"","meta":{"_regular_price":[],"currency_symbol":[],"footnotes":""},"post_slider_layout_featured_media_urls":{"thumbnail":"","post_slider_layout_landscape_large":"","post_slider_layout_portrait_large":"","post_slider_layout_square_large":"","post_slider_layout_landscape":"","post_slider_layout_portrait":"","post_slider_layout_square":"","full":""},"_links":{"self":[{"href":"https:\/\/ipuregreen.org\/vegrun\/wp-json\/wp\/v2\/pages\/10409"}],"collection":[{"href":"https:\/\/ipuregreen.org\/vegrun\/wp-json\/wp\/v2\/pages"}],"about":[{"href":"https:\/\/ipuregreen.org\/vegrun\/wp-json\/wp\/v2\/types\/page"}],"author":[{"embeddable":true,"href":"https:\/\/ipuregreen.org\/vegrun\/wp-json\/wp\/v2\/users\/1"}],"replies":[{"embeddable":true,"href":"https:\/\/ipuregreen.org\/vegrun\/wp-json\/wp\/v2\/comments?post=10409"}],"version-history":[{"count":4,"href":"https:\/\/ipuregreen.org\/vegrun\/wp-json\/wp\/v2\/pages\/10409\/revisions"}],"predecessor-version":[{"id":10413,"href":"https:\/\/ipuregreen.org\/vegrun\/wp-json\/wp\/v2\/pages\/10409\/revisions\/10413"}],"wp:attachment":[{"href":"https:\/\/ipuregreen.org\/vegrun\/wp-json\/wp\/v2\/media?parent=10409"}],"curies":[{"name":"wp","href":"https:\/\/api.w.org\/{rel}","templated":true}]}}