{"id":10431,"date":"2024-06-11T15:16:15","date_gmt":"2024-06-11T07:16:15","guid":{"rendered":"https:\/\/ipuregreen.org\/vegrun\/?page_id=10431"},"modified":"2024-06-11T15:18:46","modified_gmt":"2024-06-11T07:18:46","slug":"elementor-10431","status":"publish","type":"page","link":"https:\/\/ipuregreen.org\/vegrun\/fr\/elementor-10431\/","title":{"rendered":"Elementor #10431"},"content":{"rendered":"\t\t<div data-elementor-type=\"wp-page\" data-elementor-id=\"10431\" class=\"elementor elementor-10431\">\n\t\t\t\t<div class=\"elementor-element elementor-element-fedf457 e-flex e-con-boxed e-con e-parent\" data-id=\"fedf457\" data-element_type=\"container\">\n\t\t\t\t\t<div class=\"e-con-inner\">\n\t\t\t\t<div class=\"elementor-element elementor-element-70c6719 elementor-widget elementor-widget-heading\" data-id=\"70c6719\" data-element_type=\"widget\" data-widget_type=\"heading.default\">\n\t\t\t\t<div class=\"elementor-widget-container\">\n\t\t\t<style>\/*! elementor - v3.21.0 - 26-05-2024 *\/\n.elementor-heading-title{padding:0;margin:0;line-height:1}.elementor-widget-heading .elementor-heading-title[class*=elementor-size-]>a{color:inherit;font-size:inherit;line-height:inherit}.elementor-widget-heading .elementor-heading-title.elementor-size-small{font-size:15px}.elementor-widget-heading .elementor-heading-title.elementor-size-medium{font-size:19px}.elementor-widget-heading .elementor-heading-title.elementor-size-large{font-size:29px}.elementor-widget-heading .elementor-heading-title.elementor-size-xl{font-size:39px}.elementor-widget-heading .elementor-heading-title.elementor-size-xxl{font-size:59px}<\/style><h2 class=\"elementor-heading-title elementor-size-default\">Informations sur la comp\u00e9tition asiatique 2024<\/h2>\t\t<\/div>\n\t\t\t\t<\/div>\n\t\t\t\t\t<\/div>\n\t\t\t\t<\/div>\n\t\t<div class=\"elementor-element elementor-element-82fca07 e-flex e-con-boxed e-con e-parent\" data-id=\"82fca07\" data-element_type=\"container\">\n\t\t\t\t\t<div class=\"e-con-inner\">\n\t\t<div class=\"elementor-element elementor-element-04ba577 e-con-full e-flex e-con e-child\" data-id=\"04ba577\" data-element_type=\"container\">\n\t\t\t\t<div class=\"elementor-element elementor-element-6e6583d elementor-widget elementor-widget-image\" data-id=\"6e6583d\" data-element_type=\"widget\" data-widget_type=\"image.default\">\n\t\t\t\t<div class=\"elementor-widget-container\">\n\t\t\t<style>\/*! elementor - v3.21.0 - 26-05-2024 *\/\n.elementor-widget-image{text-align:center}.elementor-widget-image a{display:inline-block}.elementor-widget-image a img[src$=\".svg\"]{width:48px}.elementor-widget-image img{vertical-align:middle;display:inline-block}<\/style>\t\t\t\t\t\t\t\t\t\t<img fetchpriority=\"high\" decoding=\"async\" width=\"1024\" height=\"562\" src=\"https:\/\/ipuregreen.org\/vegrun\/wp-content\/uploads\/2024\/06\/2024\u516c\u76ca\u8def\u8dd1\u6d77\u5831-\u570b\u969b\u4f5b\u5149\u6703\u540d\u53e4\u5c4b\u5354\u6703-1024x562.jpg\" class=\"attachment-large size-large wp-image-10257\" alt=\"\" srcset=\"https:\/\/ipuregreen.org\/vegrun\/wp-content\/uploads\/2024\/06\/2024\u516c\u76ca\u8def\u8dd1\u6d77\u5831-\u570b\u969b\u4f5b\u5149\u6703\u540d\u53e4\u5c4b\u5354\u6703-1024x562.jpg 1024w, https:\/\/ipuregreen.org\/vegrun\/wp-content\/uploads\/2024\/06\/2024\u516c\u76ca\u8def\u8dd1\u6d77\u5831-\u570b\u969b\u4f5b\u5149\u6703\u540d\u53e4\u5c4b\u5354\u6703-300x165.jpg 300w, https:\/\/ipuregreen.org\/vegrun\/wp-content\/uploads\/2024\/06\/2024\u516c\u76ca\u8def\u8dd1\u6d77\u5831-\u570b\u969b\u4f5b\u5149\u6703\u540d\u53e4\u5c4b\u5354\u6703-768x421.jpg 768w, https:\/\/ipuregreen.org\/vegrun\/wp-content\/uploads\/2024\/06\/2024\u516c\u76ca\u8def\u8dd1\u6d77\u5831-\u570b\u969b\u4f5b\u5149\u6703\u540d\u53e4\u5c4b\u5354\u6703-1536x842.jpg 1536w, https:\/\/ipuregreen.org\/vegrun\/wp-content\/uploads\/2024\/06\/2024\u516c\u76ca\u8def\u8dd1\u6d77\u5831-\u570b\u969b\u4f5b\u5149\u6703\u540d\u53e4\u5c4b\u5354\u6703-2048x1123.jpg 2048w, https:\/\/ipuregreen.org\/vegrun\/wp-content\/uploads\/2024\/06\/2024\u516c\u76ca\u8def\u8dd1\u6d77\u5831-\u570b\u969b\u4f5b\u5149\u6703\u540d\u53e4\u5c4b\u5354\u6703-600x329.jpg 600w\" sizes=\"(max-width: 1024px) 100vw, 1024px\" \/>\t\t\t\t\t\t\t\t\t\t\t\t\t<\/div>\n\t\t\t\t<\/div>\n\t\t\t\t<\/div>\n\t\t<div class=\"elementor-element elementor-element-ae8f218 e-con-full e-flex e-con e-child\" data-id=\"ae8f218\" data-element_type=\"container\">\n\t\t\t\t<div class=\"elementor-element elementor-element-cdc3d01 elementor-widget elementor-widget-text-editor\" data-id=\"cdc3d01\" data-element_type=\"widget\" data-widget_type=\"text-editor.default\">\n\t\t\t\t<div class=\"elementor-widget-container\">\n\t\t\t<style>\/*! elementor - v3.21.0 - 26-05-2024 *\/\n.elementor-widget-text-editor.elementor-drop-cap-view-stacked .elementor-drop-cap{background-color:#69727d;color:#fff}.elementor-widget-text-editor.elementor-drop-cap-view-framed .elementor-drop-cap{color:#69727d;border:3px solid;background-color:transparent}.elementor-widget-text-editor:not(.elementor-drop-cap-view-default) .elementor-drop-cap{margin-top:8px}.elementor-widget-text-editor:not(.elementor-drop-cap-view-default) .elementor-drop-cap-letter{width:1em;height:1em}.elementor-widget-text-editor .elementor-drop-cap{float:left;text-align:center;line-height:1;font-size:50px}.elementor-widget-text-editor .elementor-drop-cap-letter{display:inline-block}<\/style>\t\t\t\t<p>Nom de l&#8217;\u00e9v\u00e9nement\u00a0: 2024 Nagoya VEGRUN Vous courez, je donne de la nourriture<br \/>Heure de l&#8217;\u00e9v\u00e9nement\u00a0:\u00a02024\/05\/11\u20142024\/08\/31<br \/>R\u00e9gion : Japon<\/p><p>En r\u00e9ponse au concept de \u00ab protection de l&#8217;environnement et de protection du c\u0153ur \u00bb de Ma\u00eetre Hsing Yun et \u00e0 l&#8217;action de protection de l&#8217;environnement de la Journ\u00e9e mondiale de l&#8217;environnement des Nations Unies le 5 juin, l&#8217;\u00e9v\u00e9nement VEGRUN est sp\u00e9cialement organis\u00e9 pour inviter les amateurs de sport \u00e0 travers l&#8217;\u00e9v\u00e9nement \u00ab Tu cours, je don de nourriture&#8221; projet caritatif Amis, utilisez le pouvoir des masses pour pr\u00eater attention aux probl\u00e8mes de changement climatique et de protection de l&#8217;environnement. En plus du sport et du divertissement, nous pouvons \u00e9galement &#8220;v\u00e9g\u00e9ter de l&#8217;amour, laisser l&#8217;amour couler&#8221; ensemble et continuer \u00e0 nous soutenir chacun autre sans interruption !<\/p>\t\t\t\t\t\t<\/div>\n\t\t\t\t<\/div>\n\t\t\t\t<div class=\"elementor-element elementor-element-bd6929b elementor-widget elementor-widget-button\" data-id=\"bd6929b\" data-element_type=\"widget\" data-widget_type=\"button.default\">\n\t\t\t\t<div class=\"elementor-widget-container\">\n\t\t\t\t\t<div class=\"elementor-button-wrapper\">\n\t\t\t<a class=\"elementor-button elementor-button-link elementor-size-sm\" href=\"https:\/\/ipuregreen.org\/vegrun\/?page_id=6536\">\n\t\t\t\t\t\t<span class=\"elementor-button-content-wrapper\">\n\t\t\t\t\t\t\t\t\t<span class=\"elementor-button-text\">T\u00e9l\u00e9chargez l'application VEGRUN<\/span>\n\t\t\t\t\t<\/span>\n\t\t\t\t\t<\/a>\n\t\t<\/div>\n\t\t\t\t<\/div>\n\t\t\t\t<\/div>\n\t\t\t\t<\/div>\n\t\t\t\t\t<\/div>\n\t\t\t\t<\/div>\n\t\t<div class=\"elementor-element elementor-element-e3d6408 e-flex e-con-boxed e-con e-parent\" data-id=\"e3d6408\" data-element_type=\"container\">\n\t\t\t\t\t<div class=\"e-con-inner\">\n\t\t<div class=\"elementor-element elementor-element-0882788 e-con-full e-flex e-con e-child\" data-id=\"0882788\" data-element_type=\"container\">\n\t\t\t\t<div class=\"elementor-element elementor-element-5eb7136 elementor-widget elementor-widget-image\" data-id=\"5eb7136\" data-element_type=\"widget\" data-widget_type=\"image.default\">\n\t\t\t\t<div class=\"elementor-widget-container\">\n\t\t\t\t\t\t\t\t\t\t\t\t\t<img decoding=\"async\" width=\"1024\" height=\"561\" src=\"https:\/\/ipuregreen.org\/vegrun\/wp-content\/uploads\/2024\/06\/\u70ba\u5e78\u798f\u800c\u8d70-1024x561.jpg\" class=\"attachment-large size-large wp-image-10240\" alt=\"\" srcset=\"https:\/\/ipuregreen.org\/vegrun\/wp-content\/uploads\/2024\/06\/\u70ba\u5e78\u798f\u800c\u8d70-1024x561.jpg 1024w, https:\/\/ipuregreen.org\/vegrun\/wp-content\/uploads\/2024\/06\/\u70ba\u5e78\u798f\u800c\u8d70-300x164.jpg 300w, https:\/\/ipuregreen.org\/vegrun\/wp-content\/uploads\/2024\/06\/\u70ba\u5e78\u798f\u800c\u8d70-768x421.jpg 768w, https:\/\/ipuregreen.org\/vegrun\/wp-content\/uploads\/2024\/06\/\u70ba\u5e78\u798f\u800c\u8d70-1536x842.jpg 1536w, https:\/\/ipuregreen.org\/vegrun\/wp-content\/uploads\/2024\/06\/\u70ba\u5e78\u798f\u800c\u8d70-600x329.jpg 600w, https:\/\/ipuregreen.org\/vegrun\/wp-content\/uploads\/2024\/06\/\u70ba\u5e78\u798f\u800c\u8d70.jpg 1948w\" sizes=\"(max-width: 1024px) 100vw, 1024px\" \/>\t\t\t\t\t\t\t\t\t\t\t\t\t<\/div>\n\t\t\t\t<\/div>\n\t\t\t\t<\/div>\n\t\t<div class=\"elementor-element elementor-element-6142e66 e-con-full e-flex e-con e-child\" data-id=\"6142e66\" data-element_type=\"container\">\n\t\t\t\t<div class=\"elementor-element elementor-element-ff11b78 elementor-widget elementor-widget-text-editor\" data-id=\"ff11b78\" data-element_type=\"widget\" data-widget_type=\"text-editor.default\">\n\t\t\t\t<div class=\"elementor-widget-container\">\n\t\t\t\t\t\t\t<p>Nom de l&#8217;\u00e9v\u00e9nement\u00a0:\u00a0Marche VEGRUN pour le bonheur 2024<br \/>Heure de l&#8217;\u00e9v\u00e9nement\u00a0: 30\/06\/2024<br \/>R\u00e9gion : Ta\u00efwan<br \/>Lieu de l&#8217;\u00e9v\u00e9nement : Parking du Mus\u00e9e national des sciences et technologies marines<\/p><p>Environ 1 600 personnes de Fo Guang ainsi que des parents et amis de l&#8217;Association du district Nord se sont d\u00e9plac\u00e9s les uns apr\u00e8s les autres vers le parc Keelung Chaojing pour participer \u00e0 l&#8217;\u00e9v\u00e9nement \u00ab Vegrun ~ Marche pour le bonheur \u00bb organis\u00e9 par l&#8217;Association du district Nord. Ils ont travers\u00e9 le pont de Pinglang jusqu&#8217;au parc Chaojing et. Nous \u00e9tions proches des montagnes vertes et de la mer bleue. Sur la prairie, nous avons fl\u00e9chi nos muscles et chant\u00e9 avec le groupe de jeunes. Tout le monde \u00e9tait plein d&#8217;enthousiasme et de joie. Certains gens de Foguang ont nettoy\u00e9 la plage pour la charit\u00e9. au Mus\u00e9e des Sciences Marines A 9h00, ils ont termin\u00e9 l&#8217;activit\u00e9 &#8220;Vegrun~Pour le bonheur&#8221; et la marche.<\/p>\t\t\t\t\t\t<\/div>\n\t\t\t\t<\/div>\n\t\t\t\t<div class=\"elementor-element elementor-element-453e2db elementor-widget elementor-widget-button\" data-id=\"453e2db\" data-element_type=\"widget\" data-widget_type=\"button.default\">\n\t\t\t\t<div class=\"elementor-widget-container\">\n\t\t\t\t\t<div class=\"elementor-button-wrapper\">\n\t\t\t<a class=\"elementor-button elementor-button-link elementor-size-sm\" href=\"https:\/\/ipuregreen.org\/vegrun\/?page_id=6536\">\n\t\t\t\t\t\t<span class=\"elementor-button-content-wrapper\">\n\t\t\t\t\t\t\t\t\t<span class=\"elementor-button-text\">T\u00e9l\u00e9chargez l'application VEGRUN<\/span>\n\t\t\t\t\t<\/span>\n\t\t\t\t\t<\/a>\n\t\t<\/div>\n\t\t\t\t<\/div>\n\t\t\t\t<\/div>\n\t\t\t\t<\/div>\n\t\t\t\t\t<\/div>\n\t\t\t\t<\/div>\n\t\t<div class=\"elementor-element elementor-element-5ffdb42 e-flex e-con-boxed e-con e-parent\" data-id=\"5ffdb42\" data-element_type=\"container\">\n\t\t\t\t\t<div class=\"e-con-inner\">\n\t\t<div class=\"elementor-element elementor-element-cd3c8e1 e-con-full e-flex e-con e-child\" data-id=\"cd3c8e1\" data-element_type=\"container\">\n\t\t\t\t<div class=\"elementor-element elementor-element-a406b93 elementor-widget elementor-widget-image\" data-id=\"a406b93\" data-element_type=\"widget\" data-widget_type=\"image.default\">\n\t\t\t\t<div class=\"elementor-widget-container\">\n\t\t\t\t\t\t\t\t\t\t\t\t\t<img decoding=\"async\" width=\"1024\" height=\"416\" src=\"https:\/\/ipuregreen.org\/vegrun\/wp-content\/uploads\/2024\/04\/\u622a\u5716-2024-04-30-\u4e0b\u53484.40.31-1024x416.png\" class=\"attachment-large size-large wp-image-10191\" alt=\"\" srcset=\"https:\/\/ipuregreen.org\/vegrun\/wp-content\/uploads\/2024\/04\/\u622a\u5716-2024-04-30-\u4e0b\u53484.40.31-1024x416.png 1024w, https:\/\/ipuregreen.org\/vegrun\/wp-content\/uploads\/2024\/04\/\u622a\u5716-2024-04-30-\u4e0b\u53484.40.31-300x122.png 300w, https:\/\/ipuregreen.org\/vegrun\/wp-content\/uploads\/2024\/04\/\u622a\u5716-2024-04-30-\u4e0b\u53484.40.31-768x312.png 768w, https:\/\/ipuregreen.org\/vegrun\/wp-content\/uploads\/2024\/04\/\u622a\u5716-2024-04-30-\u4e0b\u53484.40.31-1536x623.png 1536w, https:\/\/ipuregreen.org\/vegrun\/wp-content\/uploads\/2024\/04\/\u622a\u5716-2024-04-30-\u4e0b\u53484.40.31-2048x831.png 2048w, https:\/\/ipuregreen.org\/vegrun\/wp-content\/uploads\/2024\/04\/\u622a\u5716-2024-04-30-\u4e0b\u53484.40.31-600x244.png 600w\" sizes=\"(max-width: 1024px) 100vw, 1024px\" \/>\t\t\t\t\t\t\t\t\t\t\t\t\t<\/div>\n\t\t\t\t<\/div>\n\t\t\t\t<\/div>\n\t\t<div class=\"elementor-element elementor-element-32300d4 e-con-full e-flex e-con e-child\" data-id=\"32300d4\" data-element_type=\"container\">\n\t\t\t\t<div class=\"elementor-element elementor-element-cb8b9cb elementor-widget elementor-widget-text-editor\" data-id=\"cb8b9cb\" data-element_type=\"widget\" data-widget_type=\"text-editor.default\">\n\t\t\t\t<div class=\"elementor-widget-container\">\n\t\t\t\t\t\t\t<p>Heure de l&#8217;\u00e9v\u00e9nement\u00a0:\u00a02024\/6\/2<br \/>R\u00e9gion : Malaisie<\/p><p>L&#8217;Association internationale de la Lumi\u00e8re du Bouddha de Malaisie (Malaisie du Sud) organisera la course caritative v\u00e9g\u00e9tarienne mondiale VEGRUN le 2 juin 2024. Les \u00e9preuves comprennent un groupe de loisirs (4 km), un groupe actif (6 km) et un groupe d\u00e9fi (11 km). Le jour de l&#8217;\u00e9v\u00e9nement, il y aura \u00e9galement un repas v\u00e9g\u00e9tarien \u00e0 volont\u00e9, o\u00f9 vous pourrez d\u00e9guster une vari\u00e9t\u00e9 de d\u00e9lices v\u00e9g\u00e9tariens diff\u00e9rents.<\/p>\t\t\t\t\t\t<\/div>\n\t\t\t\t<\/div>\n\t\t\t\t<div class=\"elementor-element elementor-element-249591c elementor-widget elementor-widget-button\" data-id=\"249591c\" data-element_type=\"widget\" data-widget_type=\"button.default\">\n\t\t\t\t<div class=\"elementor-widget-container\">\n\t\t\t\t\t<div class=\"elementor-button-wrapper\">\n\t\t\t<a class=\"elementor-button elementor-size-sm\" role=\"button\">\n\t\t\t\t\t\t<span class=\"elementor-button-content-wrapper\">\n\t\t\t\t\t\t\t\t\t<span class=\"elementor-button-text\">l'activit\u00e9 se termine<\/span>\n\t\t\t\t\t<\/span>\n\t\t\t\t\t<\/a>\n\t\t<\/div>\n\t\t\t\t<\/div>\n\t\t\t\t<\/div>\n\t\t\t\t<\/div>\n\t\t\t\t\t<\/div>\n\t\t\t\t<\/div>\n\t\t\t\t<\/div>\n\t\t","protected":false},"excerpt":{"rendered":"<p>Informations sur la comp\u00e9tition asiatique 2024 Nom de l [&hellip;]<\/p>\n","protected":false},"author":1,"featured_media":0,"parent":0,"menu_order":0,"comment_status":"closed","ping_status":"closed","template":"","meta":{"_regular_price":[],"currency_symbol":[],"footnotes":""},"post_slider_layout_featured_media_urls":{"thumbnail":"","post_slider_layout_landscape_large":"","post_slider_layout_portrait_large":"","post_slider_layout_square_large":"","post_slider_layout_landscape":"","post_slider_layout_portrait":"","post_slider_layout_square":"","full":""},"_links":{"self":[{"href":"https:\/\/ipuregreen.org\/vegrun\/wp-json\/wp\/v2\/pages\/10431"}],"collection":[{"href":"https:\/\/ipuregreen.org\/vegrun\/wp-json\/wp\/v2\/pages"}],"about":[{"href":"https:\/\/ipuregreen.org\/vegrun\/wp-json\/wp\/v2\/types\/page"}],"author":[{"embeddable":true,"href":"https:\/\/ipuregreen.org\/vegrun\/wp-json\/wp\/v2\/users\/1"}],"replies":[{"embeddable":true,"href":"https:\/\/ipuregreen.org\/vegrun\/wp-json\/wp\/v2\/comments?post=10431"}],"version-history":[{"count":4,"href":"https:\/\/ipuregreen.org\/vegrun\/wp-json\/wp\/v2\/pages\/10431\/revisions"}],"predecessor-version":[{"id":10435,"href":"https:\/\/ipuregreen.org\/vegrun\/wp-json\/wp\/v2\/pages\/10431\/revisions\/10435"}],"wp:attachment":[{"href":"https:\/\/ipuregreen.org\/vegrun\/wp-json\/wp\/v2\/media?parent=10431"}],"curies":[{"name":"wp","href":"https:\/\/api.w.org\/{rel}","templated":true}]}}