{"id":10439,"date":"2024-06-11T15:19:51","date_gmt":"2024-06-11T07:19:51","guid":{"rendered":"https:\/\/ipuregreen.org\/vegrun\/?page_id=10439"},"modified":"2024-06-11T15:21:47","modified_gmt":"2024-06-11T07:21:47","slug":"elementor-10439","status":"publish","type":"page","link":"https:\/\/ipuregreen.org\/vegrun\/fr\/elementor-10439\/","title":{"rendered":"Elementor #10439"},"content":{"rendered":"\t\t<div data-elementor-type=\"wp-page\" data-elementor-id=\"10439\" class=\"elementor elementor-10439\">\n\t\t\t\t<div class=\"elementor-element elementor-element-e1d518b e-flex e-con-boxed e-con e-parent\" data-id=\"e1d518b\" data-element_type=\"container\">\n\t\t\t\t\t<div class=\"e-con-inner\">\n\t\t<div class=\"elementor-element elementor-element-2208a9a e-flex e-con-boxed e-con e-child\" data-id=\"2208a9a\" data-element_type=\"container\">\n\t\t\t\t\t<div class=\"e-con-inner\">\n\t\t\t\t<div class=\"elementor-element elementor-element-94564b4 elementor-widget elementor-widget-heading\" data-id=\"94564b4\" data-element_type=\"widget\" data-widget_type=\"heading.default\">\n\t\t\t\t<div class=\"elementor-widget-container\">\n\t\t\t<style>\/*! elementor - v3.21.0 - 26-05-2024 *\/\n.elementor-heading-title{padding:0;margin:0;line-height:1}.elementor-widget-heading .elementor-heading-title[class*=elementor-size-]>a{color:inherit;font-size:inherit;line-height:inherit}.elementor-widget-heading .elementor-heading-title.elementor-size-small{font-size:15px}.elementor-widget-heading .elementor-heading-title.elementor-size-medium{font-size:19px}.elementor-widget-heading .elementor-heading-title.elementor-size-large{font-size:29px}.elementor-widget-heading .elementor-heading-title.elementor-size-xl{font-size:39px}.elementor-widget-heading .elementor-heading-title.elementor-size-xxl{font-size:59px}<\/style><h2 class=\"elementor-heading-title elementor-size-default\">Informations sur le tournoi nord-am\u00e9ricain 2024<\/h2>\t\t<\/div>\n\t\t\t\t<\/div>\n\t\t\t\t\t<\/div>\n\t\t\t\t<\/div>\n\t\t\t\t\t<\/div>\n\t\t\t\t<\/div>\n\t\t<div class=\"elementor-element elementor-element-d5153ac e-flex e-con-boxed e-con e-parent\" data-id=\"d5153ac\" data-element_type=\"container\">\n\t\t\t\t\t<div class=\"e-con-inner\">\n\t\t<div class=\"elementor-element elementor-element-200c7f7 e-flex e-con-boxed e-con e-child\" data-id=\"200c7f7\" data-element_type=\"container\">\n\t\t\t\t\t<div class=\"e-con-inner\">\n\t\t<div class=\"elementor-element elementor-element-5161d87 e-con-full e-flex e-con e-child\" data-id=\"5161d87\" data-element_type=\"container\">\n\t\t\t\t<div class=\"elementor-element elementor-element-7cee161 elementor-widget elementor-widget-image\" data-id=\"7cee161\" data-element_type=\"widget\" data-widget_type=\"image.default\">\n\t\t\t\t<div class=\"elementor-widget-container\">\n\t\t\t<style>\/*! elementor - v3.21.0 - 26-05-2024 *\/\n.elementor-widget-image{text-align:center}.elementor-widget-image a{display:inline-block}.elementor-widget-image a img[src$=\".svg\"]{width:48px}.elementor-widget-image img{vertical-align:middle;display:inline-block}<\/style>\t\t\t\t\t\t\t\t\t\t<img fetchpriority=\"high\" decoding=\"async\" width=\"1024\" height=\"561\" src=\"https:\/\/ipuregreen.org\/vegrun\/wp-content\/uploads\/2024\/06\/d11e90efc09e8e9e094cfdd7568fbb96-Vivian-1024x561.png\" class=\"attachment-large size-large wp-image-10267\" alt=\"\" srcset=\"https:\/\/ipuregreen.org\/vegrun\/wp-content\/uploads\/2024\/06\/d11e90efc09e8e9e094cfdd7568fbb96-Vivian-1024x561.png 1024w, https:\/\/ipuregreen.org\/vegrun\/wp-content\/uploads\/2024\/06\/d11e90efc09e8e9e094cfdd7568fbb96-Vivian-300x164.png 300w, https:\/\/ipuregreen.org\/vegrun\/wp-content\/uploads\/2024\/06\/d11e90efc09e8e9e094cfdd7568fbb96-Vivian-768x421.png 768w, https:\/\/ipuregreen.org\/vegrun\/wp-content\/uploads\/2024\/06\/d11e90efc09e8e9e094cfdd7568fbb96-Vivian-1536x842.png 1536w, https:\/\/ipuregreen.org\/vegrun\/wp-content\/uploads\/2024\/06\/d11e90efc09e8e9e094cfdd7568fbb96-Vivian-2048x1123.png 2048w, https:\/\/ipuregreen.org\/vegrun\/wp-content\/uploads\/2024\/06\/d11e90efc09e8e9e094cfdd7568fbb96-Vivian-600x329.png 600w\" sizes=\"(max-width: 1024px) 100vw, 1024px\" \/>\t\t\t\t\t\t\t\t\t\t\t\t\t<\/div>\n\t\t\t\t<\/div>\n\t\t\t\t<\/div>\n\t\t<div class=\"elementor-element elementor-element-675f169 e-con-full e-flex e-con e-child\" data-id=\"675f169\" data-element_type=\"container\">\n\t\t\t\t<div class=\"elementor-element elementor-element-e02ffbf elementor-widget elementor-widget-text-editor\" data-id=\"e02ffbf\" data-element_type=\"widget\" data-widget_type=\"text-editor.default\">\n\t\t\t\t<div class=\"elementor-widget-container\">\n\t\t\t<style>\/*! elementor - v3.21.0 - 26-05-2024 *\/\n.elementor-widget-text-editor.elementor-drop-cap-view-stacked .elementor-drop-cap{background-color:#69727d;color:#fff}.elementor-widget-text-editor.elementor-drop-cap-view-framed .elementor-drop-cap{color:#69727d;border:3px solid;background-color:transparent}.elementor-widget-text-editor:not(.elementor-drop-cap-view-default) .elementor-drop-cap{margin-top:8px}.elementor-widget-text-editor:not(.elementor-drop-cap-view-default) .elementor-drop-cap-letter{width:1em;height:1em}.elementor-widget-text-editor .elementor-drop-cap{float:left;text-align:center;line-height:1;font-size:50px}.elementor-widget-text-editor .elementor-drop-cap-letter{display:inline-block}<\/style>\t\t\t\t<p>Nom de l&#8217;\u00e9v\u00e9nement\u00a0:\u00a02024 Ottawa Vegrun\uff5eVous courez, je plante des arbres<br \/>Dur\u00e9e de l&#8217;activit\u00e9\u00a0: 06\/06\/2024\u201406\/07\/2024<br \/>R\u00e9gion : Ottawa<\/p><p>&#8220;VEGRUN&#8221; dans &#8220;VEGRUN Global Vegan Online Charity Run&#8221; est l&#8217;abr\u00e9viation de vegan run et v\u00e9g\u00e9tarien run, ce qui signifie courir pour la promotion de la nourriture v\u00e9g\u00e9tarienne et courir pour la terre. \u00ab Fushi \u00bb est un homophone de \u00ab revival \u00bb, qui signifie \u00e9veil pour retrouver la vitalit\u00e9. Participer au Vegetarian Road Run VEGRUN contribue non seulement \u00e0 des \u0153uvres caritatives, mais promeut \u00e9galement le v\u00e9g\u00e9tarisme, ralentit le r\u00e9chauffement climatique et atteint les objectifs de protection de l&#8217;environnement. Invitez les amis qui aiment le sport \u00e0 utiliser le pouvoir des masses pour pr\u00eater attention aux probl\u00e8mes de changement climatique et de protection de l&#8217;environnement, en plus du sport et du divertissement, nous pouvons \u00e9galement \u00ab aimer les l\u00e9gumes et laisser couler l&#8217;amour \u00bb ensemble, et continuer \u00e0 nous soutenir mutuellement sans interruption. ! Vous \u00eates invit\u00e9s \u00e0 participer \u00e0 un mois d&#8217;activit\u00e9s de course\/marche, ou \u00e0 parrainer la plantation d&#8217;arbres !! Vous courez et je plante un arbre tous les 20 kilom\u00e8tres que vous courez !<\/p>\t\t\t\t\t\t<\/div>\n\t\t\t\t<\/div>\n\t\t\t\t<div class=\"elementor-element elementor-element-5e6791b elementor-widget elementor-widget-button\" data-id=\"5e6791b\" data-element_type=\"widget\" data-widget_type=\"button.default\">\n\t\t\t\t<div class=\"elementor-widget-container\">\n\t\t\t\t\t<div class=\"elementor-button-wrapper\">\n\t\t\t<a class=\"elementor-button elementor-button-link elementor-size-sm\" href=\"https:\/\/ipuregreen.org\/vegrun\/?page_id=6536\">\n\t\t\t\t\t\t<span class=\"elementor-button-content-wrapper\">\n\t\t\t\t\t\t\t\t\t<span class=\"elementor-button-text\">T\u00e9l\u00e9chargez l'application VEGRUN<\/span>\n\t\t\t\t\t<\/span>\n\t\t\t\t\t<\/a>\n\t\t<\/div>\n\t\t\t\t<\/div>\n\t\t\t\t<\/div>\n\t\t\t\t<\/div>\n\t\t\t\t\t<\/div>\n\t\t\t\t<\/div>\n\t\t\t\t\t<\/div>\n\t\t\t\t<\/div>\n\t\t\t\t<\/div>\n\t\t","protected":false},"excerpt":{"rendered":"<p>Informations sur le tournoi nord-am\u00e9ricain 2024 Nom de  [&hellip;]<\/p>\n","protected":false},"author":1,"featured_media":0,"parent":0,"menu_order":0,"comment_status":"closed","ping_status":"closed","template":"","meta":{"_regular_price":[],"currency_symbol":[],"footnotes":""},"post_slider_layout_featured_media_urls":{"thumbnail":"","post_slider_layout_landscape_large":"","post_slider_layout_portrait_large":"","post_slider_layout_square_large":"","post_slider_layout_landscape":"","post_slider_layout_portrait":"","post_slider_layout_square":"","full":""},"_links":{"self":[{"href":"https:\/\/ipuregreen.org\/vegrun\/wp-json\/wp\/v2\/pages\/10439"}],"collection":[{"href":"https:\/\/ipuregreen.org\/vegrun\/wp-json\/wp\/v2\/pages"}],"about":[{"href":"https:\/\/ipuregreen.org\/vegrun\/wp-json\/wp\/v2\/types\/page"}],"author":[{"embeddable":true,"href":"https:\/\/ipuregreen.org\/vegrun\/wp-json\/wp\/v2\/users\/1"}],"replies":[{"embeddable":true,"href":"https:\/\/ipuregreen.org\/vegrun\/wp-json\/wp\/v2\/comments?post=10439"}],"version-history":[{"count":4,"href":"https:\/\/ipuregreen.org\/vegrun\/wp-json\/wp\/v2\/pages\/10439\/revisions"}],"predecessor-version":[{"id":10443,"href":"https:\/\/ipuregreen.org\/vegrun\/wp-json\/wp\/v2\/pages\/10439\/revisions\/10443"}],"wp:attachment":[{"href":"https:\/\/ipuregreen.org\/vegrun\/wp-json\/wp\/v2\/media?parent=10439"}],"curies":[{"name":"wp","href":"https:\/\/api.w.org\/{rel}","templated":true}]}}