{"id":10447,"date":"2024-06-11T15:26:15","date_gmt":"2024-06-11T07:26:15","guid":{"rendered":"https:\/\/ipuregreen.org\/vegrun\/?page_id=10447"},"modified":"2024-06-11T15:28:51","modified_gmt":"2024-06-11T07:28:51","slug":"elementor-10447","status":"publish","type":"page","link":"https:\/\/ipuregreen.org\/vegrun\/de\/elementor-10447\/","title":{"rendered":"Elementor #10447"},"content":{"rendered":"\t\t<div data-elementor-type=\"wp-page\" data-elementor-id=\"10447\" class=\"elementor elementor-10447\">\n\t\t\t\t<div class=\"elementor-element elementor-element-fedf457 e-flex e-con-boxed e-con e-parent\" data-id=\"fedf457\" data-element_type=\"container\">\n\t\t\t\t\t<div class=\"e-con-inner\">\n\t\t\t\t<div class=\"elementor-element elementor-element-70c6719 elementor-widget elementor-widget-heading\" data-id=\"70c6719\" data-element_type=\"widget\" data-widget_type=\"heading.default\">\n\t\t\t\t<div class=\"elementor-widget-container\">\n\t\t\t<style>\/*! elementor - v3.21.0 - 26-05-2024 *\/\n.elementor-heading-title{padding:0;margin:0;line-height:1}.elementor-widget-heading .elementor-heading-title[class*=elementor-size-]>a{color:inherit;font-size:inherit;line-height:inherit}.elementor-widget-heading .elementor-heading-title.elementor-size-small{font-size:15px}.elementor-widget-heading .elementor-heading-title.elementor-size-medium{font-size:19px}.elementor-widget-heading .elementor-heading-title.elementor-size-large{font-size:29px}.elementor-widget-heading .elementor-heading-title.elementor-size-xl{font-size:39px}.elementor-widget-heading .elementor-heading-title.elementor-size-xxl{font-size:59px}<\/style><h2 class=\"elementor-heading-title elementor-size-default\">Informationen zum asiatischen Wettbewerb 2024<\/h2>\t\t<\/div>\n\t\t\t\t<\/div>\n\t\t\t\t\t<\/div>\n\t\t\t\t<\/div>\n\t\t<div class=\"elementor-element elementor-element-82fca07 e-flex e-con-boxed e-con e-parent\" data-id=\"82fca07\" data-element_type=\"container\">\n\t\t\t\t\t<div class=\"e-con-inner\">\n\t\t<div class=\"elementor-element elementor-element-04ba577 e-con-full e-flex e-con e-child\" data-id=\"04ba577\" data-element_type=\"container\">\n\t\t\t\t<div class=\"elementor-element elementor-element-6e6583d elementor-widget elementor-widget-image\" data-id=\"6e6583d\" data-element_type=\"widget\" data-widget_type=\"image.default\">\n\t\t\t\t<div class=\"elementor-widget-container\">\n\t\t\t<style>\/*! elementor - v3.21.0 - 26-05-2024 *\/\n.elementor-widget-image{text-align:center}.elementor-widget-image a{display:inline-block}.elementor-widget-image a img[src$=\".svg\"]{width:48px}.elementor-widget-image img{vertical-align:middle;display:inline-block}<\/style>\t\t\t\t\t\t\t\t\t\t<img fetchpriority=\"high\" decoding=\"async\" width=\"1024\" height=\"562\" src=\"https:\/\/ipuregreen.org\/vegrun\/wp-content\/uploads\/2024\/06\/2024\u516c\u76ca\u8def\u8dd1\u6d77\u5831-\u570b\u969b\u4f5b\u5149\u6703\u540d\u53e4\u5c4b\u5354\u6703-1024x562.jpg\" class=\"attachment-large size-large wp-image-10257\" alt=\"\" srcset=\"https:\/\/ipuregreen.org\/vegrun\/wp-content\/uploads\/2024\/06\/2024\u516c\u76ca\u8def\u8dd1\u6d77\u5831-\u570b\u969b\u4f5b\u5149\u6703\u540d\u53e4\u5c4b\u5354\u6703-1024x562.jpg 1024w, https:\/\/ipuregreen.org\/vegrun\/wp-content\/uploads\/2024\/06\/2024\u516c\u76ca\u8def\u8dd1\u6d77\u5831-\u570b\u969b\u4f5b\u5149\u6703\u540d\u53e4\u5c4b\u5354\u6703-300x165.jpg 300w, https:\/\/ipuregreen.org\/vegrun\/wp-content\/uploads\/2024\/06\/2024\u516c\u76ca\u8def\u8dd1\u6d77\u5831-\u570b\u969b\u4f5b\u5149\u6703\u540d\u53e4\u5c4b\u5354\u6703-768x421.jpg 768w, https:\/\/ipuregreen.org\/vegrun\/wp-content\/uploads\/2024\/06\/2024\u516c\u76ca\u8def\u8dd1\u6d77\u5831-\u570b\u969b\u4f5b\u5149\u6703\u540d\u53e4\u5c4b\u5354\u6703-1536x842.jpg 1536w, https:\/\/ipuregreen.org\/vegrun\/wp-content\/uploads\/2024\/06\/2024\u516c\u76ca\u8def\u8dd1\u6d77\u5831-\u570b\u969b\u4f5b\u5149\u6703\u540d\u53e4\u5c4b\u5354\u6703-2048x1123.jpg 2048w, https:\/\/ipuregreen.org\/vegrun\/wp-content\/uploads\/2024\/06\/2024\u516c\u76ca\u8def\u8dd1\u6d77\u5831-\u570b\u969b\u4f5b\u5149\u6703\u540d\u53e4\u5c4b\u5354\u6703-600x329.jpg 600w\" sizes=\"(max-width: 1024px) 100vw, 1024px\" \/>\t\t\t\t\t\t\t\t\t\t\t\t\t<\/div>\n\t\t\t\t<\/div>\n\t\t\t\t<\/div>\n\t\t<div class=\"elementor-element elementor-element-ae8f218 e-con-full e-flex e-con e-child\" data-id=\"ae8f218\" data-element_type=\"container\">\n\t\t\t\t<div class=\"elementor-element elementor-element-cdc3d01 elementor-widget elementor-widget-text-editor\" data-id=\"cdc3d01\" data-element_type=\"widget\" data-widget_type=\"text-editor.default\">\n\t\t\t\t<div class=\"elementor-widget-container\">\n\t\t\t<style>\/*! elementor - v3.21.0 - 26-05-2024 *\/\n.elementor-widget-text-editor.elementor-drop-cap-view-stacked .elementor-drop-cap{background-color:#69727d;color:#fff}.elementor-widget-text-editor.elementor-drop-cap-view-framed .elementor-drop-cap{color:#69727d;border:3px solid;background-color:transparent}.elementor-widget-text-editor:not(.elementor-drop-cap-view-default) .elementor-drop-cap{margin-top:8px}.elementor-widget-text-editor:not(.elementor-drop-cap-view-default) .elementor-drop-cap-letter{width:1em;height:1em}.elementor-widget-text-editor .elementor-drop-cap{float:left;text-align:center;line-height:1;font-size:50px}.elementor-widget-text-editor .elementor-drop-cap-letter{display:inline-block}<\/style>\t\t\t\t<p>Name der Veranstaltung: 2024 Nagoya VEGRUN Du rennst, ich spende Essen<br \/>Veranstaltungszeit: 11.05.2024 \u2013 31.08.2024<br \/>Region: Japan<\/p><p>Als Reaktion auf Meister Hsing Yuns Konzept \u201eUmweltschutz und Herzschutz\u201c und die Umweltschutzaktion des Weltumwelttags der Vereinten Nationen am 5. Juni wurde die VEGRUN-Veranstaltung speziell organisiert, um Menschen einzuladen, die Sport lieben, durch das \u201eDu rennst, ich.\u201c Wohlt\u00e4tigkeitsprojekt \u201eLebensmittel spenden\u201c Freunde, nutzen Sie die Kraft der Massen, um den Themen Klimawandel und Umweltschutz Aufmerksamkeit zu schenken. Neben Sport und Unterhaltung k\u00f6nnen wir auch gemeinsam \u201eLiebe ausleben, Liebe flie\u00dfen lassen\u201c und jeden weiterhin unterst\u00fctzen andere ununterbrochen!<\/p>\t\t\t\t\t\t<\/div>\n\t\t\t\t<\/div>\n\t\t\t\t<div class=\"elementor-element elementor-element-bd6929b elementor-widget elementor-widget-button\" data-id=\"bd6929b\" data-element_type=\"widget\" data-widget_type=\"button.default\">\n\t\t\t\t<div class=\"elementor-widget-container\">\n\t\t\t\t\t<div class=\"elementor-button-wrapper\">\n\t\t\t<a class=\"elementor-button elementor-button-link elementor-size-sm\" href=\"https:\/\/ipuregreen.org\/vegrun\/?page_id=6536\">\n\t\t\t\t\t\t<span class=\"elementor-button-content-wrapper\">\n\t\t\t\t\t\t\t\t\t<span class=\"elementor-button-text\">Laden Sie die VEGRUN-App herunter<\/span>\n\t\t\t\t\t<\/span>\n\t\t\t\t\t<\/a>\n\t\t<\/div>\n\t\t\t\t<\/div>\n\t\t\t\t<\/div>\n\t\t\t\t<\/div>\n\t\t\t\t\t<\/div>\n\t\t\t\t<\/div>\n\t\t<div class=\"elementor-element elementor-element-e3d6408 e-flex e-con-boxed e-con e-parent\" data-id=\"e3d6408\" data-element_type=\"container\">\n\t\t\t\t\t<div class=\"e-con-inner\">\n\t\t<div class=\"elementor-element elementor-element-0882788 e-con-full e-flex e-con e-child\" data-id=\"0882788\" data-element_type=\"container\">\n\t\t\t\t<div class=\"elementor-element elementor-element-5eb7136 elementor-widget elementor-widget-image\" data-id=\"5eb7136\" data-element_type=\"widget\" data-widget_type=\"image.default\">\n\t\t\t\t<div class=\"elementor-widget-container\">\n\t\t\t\t\t\t\t\t\t\t\t\t\t<img decoding=\"async\" width=\"1024\" height=\"561\" src=\"https:\/\/ipuregreen.org\/vegrun\/wp-content\/uploads\/2024\/06\/\u70ba\u5e78\u798f\u800c\u8d70-1024x561.jpg\" class=\"attachment-large size-large wp-image-10240\" alt=\"\" srcset=\"https:\/\/ipuregreen.org\/vegrun\/wp-content\/uploads\/2024\/06\/\u70ba\u5e78\u798f\u800c\u8d70-1024x561.jpg 1024w, https:\/\/ipuregreen.org\/vegrun\/wp-content\/uploads\/2024\/06\/\u70ba\u5e78\u798f\u800c\u8d70-300x164.jpg 300w, https:\/\/ipuregreen.org\/vegrun\/wp-content\/uploads\/2024\/06\/\u70ba\u5e78\u798f\u800c\u8d70-768x421.jpg 768w, https:\/\/ipuregreen.org\/vegrun\/wp-content\/uploads\/2024\/06\/\u70ba\u5e78\u798f\u800c\u8d70-1536x842.jpg 1536w, https:\/\/ipuregreen.org\/vegrun\/wp-content\/uploads\/2024\/06\/\u70ba\u5e78\u798f\u800c\u8d70-600x329.jpg 600w, https:\/\/ipuregreen.org\/vegrun\/wp-content\/uploads\/2024\/06\/\u70ba\u5e78\u798f\u800c\u8d70.jpg 1948w\" sizes=\"(max-width: 1024px) 100vw, 1024px\" \/>\t\t\t\t\t\t\t\t\t\t\t\t\t<\/div>\n\t\t\t\t<\/div>\n\t\t\t\t<\/div>\n\t\t<div class=\"elementor-element elementor-element-6142e66 e-con-full e-flex e-con e-child\" data-id=\"6142e66\" data-element_type=\"container\">\n\t\t\t\t<div class=\"elementor-element elementor-element-ff11b78 elementor-widget elementor-widget-text-editor\" data-id=\"ff11b78\" data-element_type=\"widget\" data-widget_type=\"text-editor.default\">\n\t\t\t\t<div class=\"elementor-widget-container\">\n\t\t\t\t\t\t\t<p>Name der Veranstaltung: 2024 VEGRUN Walk for Happiness<br \/>Veranstaltungszeit: 30.06.2024<br \/>Region: Taiwan<br \/>Veranstaltungsort: Parkplatz des National Museum of Marine Science and Technology<\/p><p>Etwa 1.600 Menschen aus Fo Guang sowie Verwandte und Freunde des Nordbezirksverbandes zogen nacheinander in den Keelung Chaojing Park, um an der vom Nordbezirksverband organisierten Veranstaltung \u201eVegrun~Walk for Happiness\u201c teilzunehmen. Sie passierten die Pinglang-Br\u00fccke zum Chaojing Park und Wir waren nah an den gr\u00fcnen Bergen und dem blauen Meer, spannten unsere Muskeln und sangen mit der Jugendgruppe. Einige Foguang-Leute s\u00e4uberten den urspr\u00fcnglichen Weg Um 9:00 Uhr beendeten sie die Aktivit\u00e4t \u201eVegrun~For Happiness\u201c und einen Spaziergang.<\/p>\t\t\t\t\t\t<\/div>\n\t\t\t\t<\/div>\n\t\t\t\t<div class=\"elementor-element elementor-element-453e2db elementor-widget elementor-widget-button\" data-id=\"453e2db\" data-element_type=\"widget\" data-widget_type=\"button.default\">\n\t\t\t\t<div class=\"elementor-widget-container\">\n\t\t\t\t\t<div class=\"elementor-button-wrapper\">\n\t\t\t<a class=\"elementor-button elementor-button-link elementor-size-sm\" href=\"https:\/\/ipuregreen.org\/vegrun\/?page_id=6536\">\n\t\t\t\t\t\t<span class=\"elementor-button-content-wrapper\">\n\t\t\t\t\t\t\t\t\t<span class=\"elementor-button-text\">Laden Sie die VEGRUN-App herunter<\/span>\n\t\t\t\t\t<\/span>\n\t\t\t\t\t<\/a>\n\t\t<\/div>\n\t\t\t\t<\/div>\n\t\t\t\t<\/div>\n\t\t\t\t<\/div>\n\t\t\t\t\t<\/div>\n\t\t\t\t<\/div>\n\t\t<div class=\"elementor-element elementor-element-5ffdb42 e-flex e-con-boxed e-con e-parent\" data-id=\"5ffdb42\" data-element_type=\"container\">\n\t\t\t\t\t<div class=\"e-con-inner\">\n\t\t<div class=\"elementor-element elementor-element-cd3c8e1 e-con-full e-flex e-con e-child\" data-id=\"cd3c8e1\" data-element_type=\"container\">\n\t\t\t\t<div class=\"elementor-element elementor-element-a406b93 elementor-widget elementor-widget-image\" data-id=\"a406b93\" data-element_type=\"widget\" data-widget_type=\"image.default\">\n\t\t\t\t<div class=\"elementor-widget-container\">\n\t\t\t\t\t\t\t\t\t\t\t\t\t<img decoding=\"async\" width=\"1024\" height=\"416\" src=\"https:\/\/ipuregreen.org\/vegrun\/wp-content\/uploads\/2024\/04\/\u622a\u5716-2024-04-30-\u4e0b\u53484.40.31-1024x416.png\" class=\"attachment-large size-large wp-image-10191\" alt=\"\" srcset=\"https:\/\/ipuregreen.org\/vegrun\/wp-content\/uploads\/2024\/04\/\u622a\u5716-2024-04-30-\u4e0b\u53484.40.31-1024x416.png 1024w, https:\/\/ipuregreen.org\/vegrun\/wp-content\/uploads\/2024\/04\/\u622a\u5716-2024-04-30-\u4e0b\u53484.40.31-300x122.png 300w, https:\/\/ipuregreen.org\/vegrun\/wp-content\/uploads\/2024\/04\/\u622a\u5716-2024-04-30-\u4e0b\u53484.40.31-768x312.png 768w, https:\/\/ipuregreen.org\/vegrun\/wp-content\/uploads\/2024\/04\/\u622a\u5716-2024-04-30-\u4e0b\u53484.40.31-1536x623.png 1536w, https:\/\/ipuregreen.org\/vegrun\/wp-content\/uploads\/2024\/04\/\u622a\u5716-2024-04-30-\u4e0b\u53484.40.31-2048x831.png 2048w, https:\/\/ipuregreen.org\/vegrun\/wp-content\/uploads\/2024\/04\/\u622a\u5716-2024-04-30-\u4e0b\u53484.40.31-600x244.png 600w\" sizes=\"(max-width: 1024px) 100vw, 1024px\" \/>\t\t\t\t\t\t\t\t\t\t\t\t\t<\/div>\n\t\t\t\t<\/div>\n\t\t\t\t<\/div>\n\t\t<div class=\"elementor-element elementor-element-32300d4 e-con-full e-flex e-con e-child\" data-id=\"32300d4\" data-element_type=\"container\">\n\t\t\t\t<div class=\"elementor-element elementor-element-cb8b9cb elementor-widget elementor-widget-text-editor\" data-id=\"cb8b9cb\" data-element_type=\"widget\" data-widget_type=\"text-editor.default\">\n\t\t\t\t<div class=\"elementor-widget-container\">\n\t\t\t\t\t\t\t<p>Veranstaltungszeit: 02.06.2024<br \/>Region: Malaysia<\/p><p>Die International Buddha&#8217;s Light Association of Malaysia (S\u00fcd-Malaysia) wird am 2. Juni 2024 den VEGRUN Global Vegetarian Charity Run veranstalten. Die Veranstaltungen umfassen Freizeitgruppen (4 km), Aktivgruppen (6 km) und Herausforderungsgruppen (11 km). Am Veranstaltungstag wird es au\u00dferdem eine All-you-can-eat-Vegetarier-Veranstaltung geben, bei der Sie eine Vielzahl verschiedener vegetarischer K\u00f6stlichkeiten probieren k\u00f6nnen.<\/p>\t\t\t\t\t\t<\/div>\n\t\t\t\t<\/div>\n\t\t\t\t<div class=\"elementor-element elementor-element-249591c elementor-widget elementor-widget-button\" data-id=\"249591c\" data-element_type=\"widget\" data-widget_type=\"button.default\">\n\t\t\t\t<div class=\"elementor-widget-container\">\n\t\t\t\t\t<div class=\"elementor-button-wrapper\">\n\t\t\t<a class=\"elementor-button elementor-size-sm\" role=\"button\">\n\t\t\t\t\t\t<span class=\"elementor-button-content-wrapper\">\n\t\t\t\t\t\t\t\t\t<span class=\"elementor-button-text\">Aktivit\u00e4t endet<\/span>\n\t\t\t\t\t<\/span>\n\t\t\t\t\t<\/a>\n\t\t<\/div>\n\t\t\t\t<\/div>\n\t\t\t\t<\/div>\n\t\t\t\t<\/div>\n\t\t\t\t\t<\/div>\n\t\t\t\t<\/div>\n\t\t\t\t<\/div>\n\t\t","protected":false},"excerpt":{"rendered":"<p>Informationen zum asiatischen Wettbewerb 2024 Name der  [&hellip;]<\/p>\n","protected":false},"author":1,"featured_media":0,"parent":0,"menu_order":0,"comment_status":"closed","ping_status":"closed","template":"","meta":{"_regular_price":[],"currency_symbol":[],"footnotes":""},"post_slider_layout_featured_media_urls":{"thumbnail":"","post_slider_layout_landscape_large":"","post_slider_layout_portrait_large":"","post_slider_layout_square_large":"","post_slider_layout_landscape":"","post_slider_layout_portrait":"","post_slider_layout_square":"","full":""},"_links":{"self":[{"href":"https:\/\/ipuregreen.org\/vegrun\/wp-json\/wp\/v2\/pages\/10447"}],"collection":[{"href":"https:\/\/ipuregreen.org\/vegrun\/wp-json\/wp\/v2\/pages"}],"about":[{"href":"https:\/\/ipuregreen.org\/vegrun\/wp-json\/wp\/v2\/types\/page"}],"author":[{"embeddable":true,"href":"https:\/\/ipuregreen.org\/vegrun\/wp-json\/wp\/v2\/users\/1"}],"replies":[{"embeddable":true,"href":"https:\/\/ipuregreen.org\/vegrun\/wp-json\/wp\/v2\/comments?post=10447"}],"version-history":[{"count":4,"href":"https:\/\/ipuregreen.org\/vegrun\/wp-json\/wp\/v2\/pages\/10447\/revisions"}],"predecessor-version":[{"id":10452,"href":"https:\/\/ipuregreen.org\/vegrun\/wp-json\/wp\/v2\/pages\/10447\/revisions\/10452"}],"wp:attachment":[{"href":"https:\/\/ipuregreen.org\/vegrun\/wp-json\/wp\/v2\/media?parent=10447"}],"curies":[{"name":"wp","href":"https:\/\/api.w.org\/{rel}","templated":true}]}}