{"id":10456,"date":"2024-06-11T15:32:36","date_gmt":"2024-06-11T07:32:36","guid":{"rendered":"https:\/\/ipuregreen.org\/vegrun\/?page_id=10456"},"modified":"2024-06-11T15:37:10","modified_gmt":"2024-06-11T07:37:10","slug":"elementor-10456","status":"publish","type":"page","link":"https:\/\/ipuregreen.org\/vegrun\/de\/elementor-10456\/","title":{"rendered":"Elementor #10456"},"content":{"rendered":"\t\t<div data-elementor-type=\"wp-page\" data-elementor-id=\"10456\" class=\"elementor elementor-10456\">\n\t\t\t\t<div class=\"elementor-element elementor-element-e1d518b e-flex e-con-boxed e-con e-parent\" data-id=\"e1d518b\" data-element_type=\"container\">\n\t\t\t\t\t<div class=\"e-con-inner\">\n\t\t<div class=\"elementor-element elementor-element-2208a9a e-flex e-con-boxed e-con e-child\" data-id=\"2208a9a\" data-element_type=\"container\">\n\t\t\t\t\t<div class=\"e-con-inner\">\n\t\t\t\t<div class=\"elementor-element elementor-element-94564b4 elementor-widget elementor-widget-heading\" data-id=\"94564b4\" data-element_type=\"widget\" data-widget_type=\"heading.default\">\n\t\t\t\t<div class=\"elementor-widget-container\">\n\t\t\t<style>\/*! elementor - v3.21.0 - 26-05-2024 *\/\n.elementor-heading-title{padding:0;margin:0;line-height:1}.elementor-widget-heading .elementor-heading-title[class*=elementor-size-]>a{color:inherit;font-size:inherit;line-height:inherit}.elementor-widget-heading .elementor-heading-title.elementor-size-small{font-size:15px}.elementor-widget-heading .elementor-heading-title.elementor-size-medium{font-size:19px}.elementor-widget-heading .elementor-heading-title.elementor-size-large{font-size:29px}.elementor-widget-heading .elementor-heading-title.elementor-size-xl{font-size:39px}.elementor-widget-heading .elementor-heading-title.elementor-size-xxl{font-size:59px}<\/style><h2 class=\"elementor-heading-title elementor-size-default\">Informationen zum Nordamerika-Turnier 2024<\/h2>\t\t<\/div>\n\t\t\t\t<\/div>\n\t\t\t\t\t<\/div>\n\t\t\t\t<\/div>\n\t\t\t\t\t<\/div>\n\t\t\t\t<\/div>\n\t\t<div class=\"elementor-element elementor-element-d5153ac e-flex e-con-boxed e-con e-parent\" data-id=\"d5153ac\" data-element_type=\"container\">\n\t\t\t\t\t<div class=\"e-con-inner\">\n\t\t<div class=\"elementor-element elementor-element-200c7f7 e-flex e-con-boxed e-con e-child\" data-id=\"200c7f7\" data-element_type=\"container\">\n\t\t\t\t\t<div class=\"e-con-inner\">\n\t\t<div class=\"elementor-element elementor-element-5161d87 e-con-full e-flex e-con e-child\" data-id=\"5161d87\" data-element_type=\"container\">\n\t\t\t\t<div class=\"elementor-element elementor-element-7cee161 elementor-widget elementor-widget-image\" data-id=\"7cee161\" data-element_type=\"widget\" data-widget_type=\"image.default\">\n\t\t\t\t<div class=\"elementor-widget-container\">\n\t\t\t<style>\/*! elementor - v3.21.0 - 26-05-2024 *\/\n.elementor-widget-image{text-align:center}.elementor-widget-image a{display:inline-block}.elementor-widget-image a img[src$=\".svg\"]{width:48px}.elementor-widget-image img{vertical-align:middle;display:inline-block}<\/style>\t\t\t\t\t\t\t\t\t\t<img fetchpriority=\"high\" decoding=\"async\" width=\"1024\" height=\"561\" src=\"https:\/\/ipuregreen.org\/vegrun\/wp-content\/uploads\/2024\/06\/d11e90efc09e8e9e094cfdd7568fbb96-Vivian-1024x561.png\" class=\"attachment-large size-large wp-image-10267\" alt=\"\" srcset=\"https:\/\/ipuregreen.org\/vegrun\/wp-content\/uploads\/2024\/06\/d11e90efc09e8e9e094cfdd7568fbb96-Vivian-1024x561.png 1024w, https:\/\/ipuregreen.org\/vegrun\/wp-content\/uploads\/2024\/06\/d11e90efc09e8e9e094cfdd7568fbb96-Vivian-300x164.png 300w, https:\/\/ipuregreen.org\/vegrun\/wp-content\/uploads\/2024\/06\/d11e90efc09e8e9e094cfdd7568fbb96-Vivian-768x421.png 768w, https:\/\/ipuregreen.org\/vegrun\/wp-content\/uploads\/2024\/06\/d11e90efc09e8e9e094cfdd7568fbb96-Vivian-1536x842.png 1536w, https:\/\/ipuregreen.org\/vegrun\/wp-content\/uploads\/2024\/06\/d11e90efc09e8e9e094cfdd7568fbb96-Vivian-2048x1123.png 2048w, https:\/\/ipuregreen.org\/vegrun\/wp-content\/uploads\/2024\/06\/d11e90efc09e8e9e094cfdd7568fbb96-Vivian-600x329.png 600w\" sizes=\"(max-width: 1024px) 100vw, 1024px\" \/>\t\t\t\t\t\t\t\t\t\t\t\t\t<\/div>\n\t\t\t\t<\/div>\n\t\t\t\t<\/div>\n\t\t<div class=\"elementor-element elementor-element-675f169 e-con-full e-flex e-con e-child\" data-id=\"675f169\" data-element_type=\"container\">\n\t\t\t\t<div class=\"elementor-element elementor-element-e02ffbf elementor-widget elementor-widget-text-editor\" data-id=\"e02ffbf\" data-element_type=\"widget\" data-widget_type=\"text-editor.default\">\n\t\t\t\t<div class=\"elementor-widget-container\">\n\t\t\t<style>\/*! elementor - v3.21.0 - 26-05-2024 *\/\n.elementor-widget-text-editor.elementor-drop-cap-view-stacked .elementor-drop-cap{background-color:#69727d;color:#fff}.elementor-widget-text-editor.elementor-drop-cap-view-framed .elementor-drop-cap{color:#69727d;border:3px solid;background-color:transparent}.elementor-widget-text-editor:not(.elementor-drop-cap-view-default) .elementor-drop-cap{margin-top:8px}.elementor-widget-text-editor:not(.elementor-drop-cap-view-default) .elementor-drop-cap-letter{width:1em;height:1em}.elementor-widget-text-editor .elementor-drop-cap{float:left;text-align:center;line-height:1;font-size:50px}.elementor-widget-text-editor .elementor-drop-cap-letter{display:inline-block}<\/style>\t\t\t\t<p>Name der Veranstaltung: 2024 Ottawa Vegrun\uff5eDu rennst, ich pflanze B\u00e4ume<br \/>Aktivit\u00e4tszeit: 06.06.2024 \u2013 06.07.2024<br \/>Region: Ottawa<\/p><p>\u201eVEGRUN\u201c in \u201eVEGRUN Global Vegan Online Charity Run\u201c ist die Abk\u00fcrzung f\u00fcr \u201eVegan Run\u201c und \u201eVegetarier Run\u201c, was \u201eLaufen zur F\u00f6rderung vegetarischer Ern\u00e4hrung\u201c und \u201eLaufen f\u00fcr die Erde\u201c bedeutet. \u201eFushi\u201c ist ein Homophon von \u201eRevival\u201c, was Erwachen bedeutet, um die Vitalit\u00e4t wiederherzustellen. Durch die Teilnahme am Vegetarian Road Run leistet VEGRUN nicht nur einen Beitrag f\u00fcr wohlt\u00e4tige Zwecke, sondern f\u00f6rdert auch den Vegetarismus, verlangsamt die globale Erw\u00e4rmung und erreicht Umweltschutzziele. Laden Sie Freunde, die Sport lieben, ein, die Kraft der Massen zu nutzen, um auf Themen wie Klimawandel und Umweltschutz zu achten. Neben Sport und Unterhaltung k\u00f6nnen wir auch gemeinsam \u201eGem\u00fcse lieben und Liebe flie\u00dfen lassen\u201c und uns weiterhin gegenseitig unterst\u00fctzen ! Sie sind eingeladen, an einem Monat Lauf-\/Walking-Aktivit\u00e4ten teilzunehmen oder das Pflanzen von B\u00e4umen zu sponsern!! Sie laufen und ich pflanze alle 20 Kilometer einen Baum!<\/p>\t\t\t\t\t\t<\/div>\n\t\t\t\t<\/div>\n\t\t\t\t<div class=\"elementor-element elementor-element-5e6791b elementor-widget elementor-widget-button\" data-id=\"5e6791b\" data-element_type=\"widget\" data-widget_type=\"button.default\">\n\t\t\t\t<div class=\"elementor-widget-container\">\n\t\t\t\t\t<div class=\"elementor-button-wrapper\">\n\t\t\t<a class=\"elementor-button elementor-button-link elementor-size-sm\" href=\"https:\/\/ipuregreen.org\/vegrun\/?page_id=6536\">\n\t\t\t\t\t\t<span class=\"elementor-button-content-wrapper\">\n\t\t\t\t\t\t\t\t\t<span class=\"elementor-button-text\">Laden Sie die VEGRUN-App herunter<\/span>\n\t\t\t\t\t<\/span>\n\t\t\t\t\t<\/a>\n\t\t<\/div>\n\t\t\t\t<\/div>\n\t\t\t\t<\/div>\n\t\t\t\t<\/div>\n\t\t\t\t\t<\/div>\n\t\t\t\t<\/div>\n\t\t\t\t\t<\/div>\n\t\t\t\t<\/div>\n\t\t\t\t<\/div>\n\t\t","protected":false},"excerpt":{"rendered":"<p>Informationen zum Nordamerika-Turnier 2024 Name der Ver [&hellip;]<\/p>\n","protected":false},"author":1,"featured_media":0,"parent":0,"menu_order":0,"comment_status":"closed","ping_status":"closed","template":"","meta":{"_regular_price":[],"currency_symbol":[],"footnotes":""},"post_slider_layout_featured_media_urls":{"thumbnail":"","post_slider_layout_landscape_large":"","post_slider_layout_portrait_large":"","post_slider_layout_square_large":"","post_slider_layout_landscape":"","post_slider_layout_portrait":"","post_slider_layout_square":"","full":""},"_links":{"self":[{"href":"https:\/\/ipuregreen.org\/vegrun\/wp-json\/wp\/v2\/pages\/10456"}],"collection":[{"href":"https:\/\/ipuregreen.org\/vegrun\/wp-json\/wp\/v2\/pages"}],"about":[{"href":"https:\/\/ipuregreen.org\/vegrun\/wp-json\/wp\/v2\/types\/page"}],"author":[{"embeddable":true,"href":"https:\/\/ipuregreen.org\/vegrun\/wp-json\/wp\/v2\/users\/1"}],"replies":[{"embeddable":true,"href":"https:\/\/ipuregreen.org\/vegrun\/wp-json\/wp\/v2\/comments?post=10456"}],"version-history":[{"count":4,"href":"https:\/\/ipuregreen.org\/vegrun\/wp-json\/wp\/v2\/pages\/10456\/revisions"}],"predecessor-version":[{"id":10460,"href":"https:\/\/ipuregreen.org\/vegrun\/wp-json\/wp\/v2\/pages\/10456\/revisions\/10460"}],"wp:attachment":[{"href":"https:\/\/ipuregreen.org\/vegrun\/wp-json\/wp\/v2\/media?parent=10456"}],"curies":[{"name":"wp","href":"https:\/\/api.w.org\/{rel}","templated":true}]}}