{"id":7043,"date":"2023-04-19T03:01:29","date_gmt":"2023-04-19T03:01:29","guid":{"rendered":"https:\/\/ipuregreen.org\/vegrun\/?page_id=7043"},"modified":"2023-04-19T03:07:34","modified_gmt":"2023-04-19T03:07:34","slug":"colibri-7043","status":"publish","type":"page","link":"https:\/\/ipuregreen.org\/vegrun\/fr\/colibri-7043\/","title":{"rendered":"VEGRUN App-FR"},"content":{"rendered":"<div data-colibri-id=\"7043-c1\" class=\"style-5107 style-local-7043-c1 position-relative\">\r\n  <!---->\r\n  <div data-colibri-component=\"section\" data-colibri-id=\"7043-c2\" id=\"custom\" class=\"h-section h-section-global-spacing d-flex align-items-lg-start align-items-md-start align-items-start style-5129 style-local-7043-c2 position-relative\">\r\n    <!---->\r\n    <!---->\r\n    <div class=\"h-section-grid-container h-section-fluid-container\">\r\n      <!---->\r\n      <div data-colibri-id=\"7043-c3\" class=\"h-row-container gutters-row-lg-2 gutters-row-md-2 gutters-row-0 gutters-row-v-lg-2 gutters-row-v-md-2 gutters-row-v-2 style-5130 style-local-7043-c3 position-relative\">\r\n        <!---->\r\n        <div class=\"h-row justify-content-lg-center justify-content-md-center justify-content-center align-items-lg-stretch align-items-md-stretch align-items-stretch gutters-col-lg-2 gutters-col-md-2 gutters-col-0 gutters-col-v-lg-2 gutters-col-v-md-2 gutters-col-v-2\">\r\n          <!---->\r\n          <div class=\"h-column h-column-container d-flex h-col-lg-auto h-col-md-auto h-col-auto style-5131-outer style-local-7043-c4-outer\">\r\n            <div data-colibri-id=\"7043-c4\" class=\"d-flex h-flex-basis h-column__inner h-px-lg-2 h-px-md-2 h-px-2 v-inner-lg-2 v-inner-md-2 v-inner-2 style-5131 style-local-7043-c4 position-relative\">\r\n              <!---->\r\n              <!---->\r\n              <div class=\"w-100 h-y-container h-column__content h-column__v-align flex-basis-100 align-self-lg-start align-self-md-start align-self-start\">\r\n                <!---->\r\n                <div data-colibri-id=\"7043-c5\" class=\"h-global-transition-all h-heading style-5132 style-local-7043-c5 position-relative h-element\">\r\n                  <!---->\r\n                  <div class=\"h-heading__outer style-5132 style-local-7043-c5\">\r\n                    <!---->\r\n                    <!---->\r\n                    <h1 class=\"\">Formulaire de demande d&#8217;\u00e9tablissement d&#8217;\u00e9v\u00e9nement<\/h1>\r\n                  <\/div>\r\n                <\/div>\r\n                <div data-colibri-id=\"7043-c6\" class=\"h-text h-text-component style-5136 style-local-7043-c6 position-relative h-element\">\r\n                  <!---->\r\n                  <!---->\r\n                  <div class=\"\">\r\n                    <p>Si vous avez des id\u00e9es d&#8217;\u00e9v\u00e9nements de course sur route ou d&#8217;\u00e9v\u00e9nements de bien-\u00eatre public, veuillez remplir le formulaire ci-dessous et votre \u00e9v\u00e9nement sera cr\u00e9\u00e9 sur l&#8217;application apr\u00e8s examen.<\/p>\r\n                  <\/div>\r\n                <\/div>\r\n                <div data-colibri-id=\"7043-c7\" class=\"h-x-container style-5137 style-local-7043-c7 position-relative h-element\">\r\n                  <!---->\r\n                  <div class=\"h-x-container-inner style-dynamic-7043-c7-group style-5137-spacing style-local-7043-c7-spacing\"><span class=\"h-link__outer style-5138-outer style-local-7043-c8-outer d-inline-flex h-element\"><a h-use-smooth-scroll=\"true\" href=\"https:\/\/forms.gle\/9gtdHoGGyJc147DW8\"  data-colibri-id=\"7043-c8\" class=\"d-flex w-100 align-items-center h-link style-5138 style-local-7043-c8 position-relative\"><!----><!----> <span>Formulaire de demande de cr\u00e9ation d&#8217;\u00e9v\u00e9nement (compte Google requis)<\/span><\/a>\r\n                    <\/span>\r\n                  <\/div>\r\n                <\/div>\r\n              <\/div>\r\n            <\/div>\r\n          <\/div>\r\n        <\/div>\r\n      <\/div>\r\n    <\/div>\r\n  <\/div>\r\n<\/div>","protected":false},"excerpt":{"rendered":"<p>Formulaire de demande d&#8217;\u00e9tablissement d&#8217;\u00e9v\u00e9 [&hellip;]<\/p>\n","protected":false},"author":1,"featured_media":0,"parent":0,"menu_order":0,"comment_status":"closed","ping_status":"closed","template":"page-templates\/full-width-page.php","meta":{"_regular_price":[],"currency_symbol":[],"footnotes":""},"post_slider_layout_featured_media_urls":{"thumbnail":"","post_slider_layout_landscape_large":"","post_slider_layout_portrait_large":"","post_slider_layout_square_large":"","post_slider_layout_landscape":"","post_slider_layout_portrait":"","post_slider_layout_square":"","full":""},"_links":{"self":[{"href":"https:\/\/ipuregreen.org\/vegrun\/wp-json\/wp\/v2\/pages\/7043"}],"collection":[{"href":"https:\/\/ipuregreen.org\/vegrun\/wp-json\/wp\/v2\/pages"}],"about":[{"href":"https:\/\/ipuregreen.org\/vegrun\/wp-json\/wp\/v2\/types\/page"}],"author":[{"embeddable":true,"href":"https:\/\/ipuregreen.org\/vegrun\/wp-json\/wp\/v2\/users\/1"}],"replies":[{"embeddable":true,"href":"https:\/\/ipuregreen.org\/vegrun\/wp-json\/wp\/v2\/comments?post=7043"}],"version-history":[{"count":5,"href":"https:\/\/ipuregreen.org\/vegrun\/wp-json\/wp\/v2\/pages\/7043\/revisions"}],"predecessor-version":[{"id":7068,"href":"https:\/\/ipuregreen.org\/vegrun\/wp-json\/wp\/v2\/pages\/7043\/revisions\/7068"}],"wp:attachment":[{"href":"https:\/\/ipuregreen.org\/vegrun\/wp-json\/wp\/v2\/media?parent=7043"}],"curies":[{"name":"wp","href":"https:\/\/api.w.org\/{rel}","templated":true}]}}