{"id":7072,"date":"2023-04-19T03:11:09","date_gmt":"2023-04-19T03:11:09","guid":{"rendered":"https:\/\/ipuregreen.org\/vegrun\/?page_id=7072"},"modified":"2023-04-19T03:35:39","modified_gmt":"2023-04-19T03:35:39","slug":"colibri-7072","status":"publish","type":"page","link":"https:\/\/ipuregreen.org\/vegrun\/de\/colibri-7072\/","title":{"rendered":"VEGRUN App &#8211; Deu"},"content":{"rendered":"<div data-colibri-id=\"7072-c1\" class=\"style-5107 style-local-7072-c1 position-relative\">\n  <!---->\n  <div data-colibri-component=\"section\" data-colibri-id=\"7072-c2\" id=\"custom\" class=\"h-section h-section-global-spacing d-flex align-items-lg-start align-items-md-start align-items-start style-5129 style-local-7072-c2 position-relative\">\n    <!---->\n    <!---->\n    <div class=\"h-section-grid-container h-section-fluid-container\">\n      <!---->\n      <div data-colibri-id=\"7072-c3\" class=\"h-row-container gutters-row-lg-2 gutters-row-md-2 gutters-row-0 gutters-row-v-lg-2 gutters-row-v-md-2 gutters-row-v-2 style-5130 style-local-7072-c3 position-relative\">\n        <!---->\n        <div class=\"h-row justify-content-lg-center justify-content-md-center justify-content-center align-items-lg-stretch align-items-md-stretch align-items-stretch gutters-col-lg-2 gutters-col-md-2 gutters-col-0 gutters-col-v-lg-2 gutters-col-v-md-2 gutters-col-v-2\">\n          <!---->\n          <div class=\"h-column h-column-container d-flex h-col-lg-auto h-col-md-auto h-col-auto style-5131-outer style-local-7072-c4-outer\">\n            <div data-colibri-id=\"7072-c4\" class=\"d-flex h-flex-basis h-column__inner h-px-lg-2 h-px-md-2 h-px-2 v-inner-lg-2 v-inner-md-2 v-inner-2 style-5131 style-local-7072-c4 position-relative\">\n              <!---->\n              <!---->\n              <div class=\"w-100 h-y-container h-column__content h-column__v-align flex-basis-100 align-self-lg-start align-self-md-start align-self-start\">\n                <!---->\n                <div data-colibri-id=\"7072-c5\" class=\"h-global-transition-all h-heading style-5132 style-local-7072-c5 position-relative h-element\">\n                  <!---->\n                  <div class=\"h-heading__outer style-5132 style-local-7072-c5\">\n                    <!---->\n                    <!---->\n                    <h1 class=\"\">Antragsformular f\u00fcr Veranstaltungseinrichtungen<\/h1>\n                  <\/div>\n                <\/div>\n                <div data-colibri-id=\"7072-c6\" class=\"h-text h-text-component style-5136 style-local-7072-c6 position-relative h-element\">\n                  <!---->\n                  <!---->\n                  <div class=\"\">\n                    <p>Wenn Sie Ideen zu Stra\u00dfenlaufveranstaltungen oder gemeinn\u00fctzigen Veranstaltungen haben, f\u00fcllen Sie bitte das folgende Formular aus, und Ihre Veranstaltung wird nach \u00dcberpr\u00fcfung in der App erstellt.<\/p>\n                  <\/div>\n                <\/div>\n                <div data-colibri-id=\"7072-c7\" class=\"h-x-container style-5137 style-local-7072-c7 position-relative h-element\">\n                  <!---->\n                  <div class=\"h-x-container-inner style-dynamic-7072-c7-group style-5137-spacing style-local-7072-c7-spacing\"><span class=\"h-link__outer style-5138-outer style-local-7072-c8-outer d-inline-flex h-element\"><a h-use-smooth-scroll=\"true\" href=\"https:\/\/forms.gle\/9gtdHoGGyJc147DW8\"  data-colibri-id=\"7072-c8\" class=\"d-flex w-100 align-items-center h-link style-5138 style-local-7072-c8 position-relative\"><!----><!----> <span>Antragsformular zur Veranstaltungserstellung (Google-Konto erforderlich)<\/span><\/a>\n                    <\/span>\n                  <\/div>\n                <\/div>\n              <\/div>\n            <\/div>\n          <\/div>\n        <\/div>\n      <\/div>\n    <\/div>\n  <\/div>\n<\/div>","protected":false},"excerpt":{"rendered":"<p>Antragsformular f\u00fcr Veranstaltungseinrichtungen Wenn Si [&hellip;]<\/p>\n","protected":false},"author":1,"featured_media":0,"parent":0,"menu_order":0,"comment_status":"closed","ping_status":"closed","template":"page-templates\/full-width-page.php","meta":{"_regular_price":[],"currency_symbol":[],"footnotes":""},"post_slider_layout_featured_media_urls":{"thumbnail":"","post_slider_layout_landscape_large":"","post_slider_layout_portrait_large":"","post_slider_layout_square_large":"","post_slider_layout_landscape":"","post_slider_layout_portrait":"","post_slider_layout_square":"","full":""},"_links":{"self":[{"href":"https:\/\/ipuregreen.org\/vegrun\/wp-json\/wp\/v2\/pages\/7072"}],"collection":[{"href":"https:\/\/ipuregreen.org\/vegrun\/wp-json\/wp\/v2\/pages"}],"about":[{"href":"https:\/\/ipuregreen.org\/vegrun\/wp-json\/wp\/v2\/types\/page"}],"author":[{"embeddable":true,"href":"https:\/\/ipuregreen.org\/vegrun\/wp-json\/wp\/v2\/users\/1"}],"replies":[{"embeddable":true,"href":"https:\/\/ipuregreen.org\/vegrun\/wp-json\/wp\/v2\/comments?post=7072"}],"version-history":[{"count":5,"href":"https:\/\/ipuregreen.org\/vegrun\/wp-json\/wp\/v2\/pages\/7072\/revisions"}],"predecessor-version":[{"id":7126,"href":"https:\/\/ipuregreen.org\/vegrun\/wp-json\/wp\/v2\/pages\/7072\/revisions\/7126"}],"wp:attachment":[{"href":"https:\/\/ipuregreen.org\/vegrun\/wp-json\/wp\/v2\/media?parent=7072"}],"curies":[{"name":"wp","href":"https:\/\/api.w.org\/{rel}","templated":true}]}}